{"id":695,"date":"2019-08-27T17:39:21","date_gmt":"2019-08-27T17:39:21","guid":{"rendered":"https:\/\/pearsonpkg.com\/?page_id=695"},"modified":"2025-11-03T10:50:09","modified_gmt":"2025-11-03T18:50:09","slug":"carton-case-packer","status":"publish","type":"page","link":"https:\/\/pearsonpkg.com\/es\/equipment\/pack\/bulk-pack\/","title":{"rendered":"Paquete a granel\/bolsa en caja"},"content":{"rendered":"<h1>\n\t\tPaquete a granel\/bolsa en caja\n\t<\/h1>\n\t<p>La producci\u00f3n a granel abarca muchas industrias y los productos generalmente contin\u00faan a otras instalaciones de procesamiento, distribuidores mayoristas o cocinas industriales para convertirse en un ingrediente o componente en un producto procesado adicional. Durante muchas d\u00e9cadas, Pearson Packaging Systems ha respaldado las siguientes <a href=\"https:\/\/pearsonpkg.com\/es\/industries\/\">industrias<\/a> con sus aplicaciones de llenado masivo:<\/p>\n<ul>\n<li>Aceites y grasas comestibles<\/li>\n<li>frutos secos y nueces<\/li>\n<li>productos de masa congelada\u00a0<\/li>\n<li>Polvos e ingredientes alimentarios<\/li>\n<li>Dulces<\/li>\n<li>Tabaco<\/li>\n<li>Tapas, cierres y envases<\/li>\n<li>Preformas y resinas<\/li>\n<\/ul>\n<p>Explora nuestra <a href=\"#Bulk-Pack-Portfolio\">Cartera de paquetes a granel<\/a> at a glance to find the machine that is most suitable for your application. To find detailed information for each model, simply click on the highlighted row. For <a href=\"https:\/\/pearsonpkg.com\/es\/equipment\/erect\/case-erector\/\">armado de cajas<\/a>, <a href=\"https:\/\/pearsonpkg.com\/es\/equipment\/seal\/case-sealer\/\">sellado de cajas<\/a>, <a href=\"https:\/\/pearsonpkg.com\/es\/equipment\/palletize\/custom-robotic-palletizer-depalletizer\/\">necesidades de paletizaci\u00f3n<\/a>, siga los enlaces.<\/p>\n<h2><b>Bulk Pack With Pearson&#8217;s Bag Inserter and Bag Uncuffer<\/b><\/h2>\n<p>Para reducir de manera efectiva los costos de mano de obra y materiales al preparar y empacar su producto para su posterior distribuci\u00f3n, muchos fabricantes a granel conf\u00edan en la maquinaria de empacado automatizada. Pearson Packaging Systems ofrece dos tipos de equipos de empaque a granel, <a href=\"#Bulk-Pack-Portfolio\">insertadoras de bolsas<\/a> y <a href=\"#Bulk-Pack-Portfolio\">desdobladora de bolsas<\/a>, which greatly enhance the efficiency of your weigh filling equipment.\u00a0 Pearson&#8217;s automatic case erector and case sealer as well as robotic palletizers further complete your automated bulk packaging line. And if you are looking for a turnkey system, we are happy to integrate third-party weigh fillers, metal detectors, weigh checkers and all necessary conveying.\u00a0\u00a0<\/p>\n<ul>\n<li><a href=\"#Bulk-Pack-Portfolio\"><b>Insertadoras autom\u00e1ticas de bolsas:<\/b><\/a>\u00a0Las insertadores autom\u00e1ticos de bolsas de pl\u00e1stico de Pearson abren, insertan y doblan bolsas de pl\u00e1stico en rollo a velocidades de hasta 25 cajas por minuto. Funcionan con una amplia gama de cajas de cart\u00f3n corrugado para adaptarse a su aplicaci\u00f3n. Las insertadoras de bolsas usan un mandril para introducir bolsas de material en rollo preperforadas y reforzadas en las cajas.<\/li>\n<li><a href=\"#Bulk-Pack-Portfolio\"><b>Desdobladora autom\u00e1tica de bolsas:\u00a0<\/b><\/a>Pearson&#8217;s Bag Uncuffer lifts the polybag cuff off the case and folds it at speeds reaching 15 cases per minute.\u00a0<\/li>\n<\/ul>\n<h2><b>Aumente la eficiencia con las insertadoras de bolsas y las desdobladoras de bolsas de Pearson<\/b><\/h2>\n<p>Las insertadoras y desdobladoras de bolsas de Pearson ofrecen eficiencia de empaque a trav\u00e9s de:<\/p>\n<ul>\n<li><b>Colocaci\u00f3n de bolsas fiable y precisa:<\/b> Los plenums al vacio aseguran una apertura constante de la bolsa, mientras que los plenums adicionales mantienen la bolsa en su posici\u00f3n mientras se empuja hacia el fondo de la caja.<\/li>\n<li><b>Desdoblamiento controlado: <\/b>Los dedos del desdoblador tiran simultaneamente de la bolsa de pl\u00e1stico de las cuatro esquinas del estuche. La caja y las solapas est\u00e1n completamente controladas para garantizar que est\u00e9n en la posici\u00f3n correcta para doblar la bolsa.<\/li>\n<li><b>Altas tasas de manejo de cajas:<\/b>\u00a0Las insertadoras de bolsas de Pearson alcanzan velocidades de empaque de hasta 25 cajas por minuto, mientras que las desdobladoras manejan hasta 15 cajas por minuto.<\/li>\n<li><b>Acceso de doble control:<\/b>\u00a0Las insertadoras y desdobladoras de bolsas de Pearson cuentan con una estaci\u00f3n de operador remota est\u00e1ndar para un acceso conveniente a los controles de la m\u00e1quina para operar en ambos lados del transportador.<\/li>\n<li><b>Easy-to-access GracePorts\u00ae:<\/b>\u00a0 Pearson bag inserters and uncuffers come standard with a GracePort\u00ae for easy communication access and a 110V convenience outlet at the outside of the machine&#8217;s electrical cabinet.\u00a0<\/li>\n<li><b>Interfaz hombre-m\u00e1quina intuitiva (HMI):<\/b>\u00a0Los insertadoras y desdobladoras de bolsas de Pearson cuentan con un <a href=\"https:\/\/pearsonpkg.com\/es\/packaging-machinery\/equipment\/#user-centric-design\">IHM de \u00faltima generaci\u00f3n<\/a> con un dise\u00f1o optimizado, gu\u00edas interactivas de cambio y recuperaci\u00f3n de fallas, funciones de mantenimiento avanzadas, navegaci\u00f3n intuitiva y mapas de sensores en vivo.<\/li>\n<li><b>Cambios r\u00e1pidos:<\/b>\u00a0Las insertadoras de bolsas de Pearson cuentan con un tiempo de cambio promedio de menos de 20 minutos, mientras que las desdobladoras de bolsas tienen tiempos de cambio de menos de 10 minutos.<\/li>\n<\/ul>\n<h2><b>Cont\u00e1ctenos para m\u00e1s informaci\u00f3n<\/b><\/h2>\n<p>Pearson tiene m\u00e1s de 65 a\u00f1os brindando soluciones integrales de empaque secundario que puede aprovechar para sus instalaciones. Para m\u00e1s detalles sobre precios y especificaciones,\u00a0<a href=\"https:\/\/pearsonpkg.com\/es\/contact\/\">p\u00f3ngase en contacto con nuestros expertos hoy<\/a>\u00a0o\u00a0<a href=\"https:\/\/pearsonpkg.com\/es\/request-a-quote\/\">solicitar una cotizaci\u00f3n en l\u00ednea<\/a>.<\/p>\n\t\n\t<strong>\u00bfNo est\u00e1 seguro de qu\u00e9 producto es el adecuado para usted?<\/strong><br \/>\nNo worries! Tell us more about your application and we&#8217;ll help you choose the right model and options.\n\t\t\t<a href=\"https:\/\/pearsonpkg.com\/es\/contact\/?department=Equipment+Sales\" target=\"_self\" role=\"button\" rel=\"noopener\">\n\t\t\t\t\t\t\tCu\u00e9ntenos sobre su aplicaci\u00f3n de embalaje a granel\n\t\t\t\t\t<\/a>","protected":false},"excerpt":{"rendered":"<p>Bulk Pack\/Bag-in-Box Bulk production spans many industries with products generally continuing to other processing facilities, wholesale distributors or industrial kitchens to become an ingredient or component in a further processed product. For many decades, Pearson Packaging Systems has supported the following industries with their bulk fill applications: Edible oils and fats Dried fruits and nuts [&hellip;]<\/p>","protected":false},"author":3,"featured_media":2185,"parent":12,"menu_order":3,"comment_status":"closed","ping_status":"closed","template":"","meta":{"_acf_changed":false,"_eb_attr":"","site-sidebar-layout":"default","site-content-layout":"default","ast-site-content-layout":"default","site-content-style":"default","site-sidebar-style":"default","ast-global-header-display":"","ast-banner-title-visibility":"","ast-main-header-display":"","ast-hfb-above-header-display":"","ast-hfb-below-header-display":"","ast-hfb-mobile-header-display":"","site-post-title":"","ast-breadcrumbs-content":"","ast-featured-img":"","footer-sml-layout":"","ast-disable-related-posts":"","theme-transparent-header-meta":"default","adv-header-id-meta":"","stick-header-meta":"default","header-above-stick-meta":"","header-main-stick-meta":"","header-below-stick-meta":"","astra-migrate-meta-layouts":"set","ast-page-background-enabled":"default","ast-page-background-meta":{"desktop":{"background-color":"","background-image":"","background-repeat":"repeat","background-position":"center center","background-size":"auto","background-attachment":"scroll","background-type":"","background-media":"","overlay-type":"","overlay-color":"","overlay-opacity":"","overlay-gradient":""},"tablet":{"background-color":"","background-image":"","background-repeat":"repeat","background-position":"center center","background-size":"auto","background-attachment":"scroll","background-type":"","background-media":"","overlay-type":"","overlay-color":"","overlay-opacity":"","overlay-gradient":""},"mobile":{"background-color":"","background-image":"","background-repeat":"repeat","background-position":"center center","background-size":"auto","background-attachment":"scroll","background-type":"","background-media":"","overlay-type":"","overlay-color":"","overlay-opacity":"","overlay-gradient":""}},"ast-content-background-meta":{"desktop":{"background-color":"var(--ast-global-color-5)","background-image":"","background-repeat":"repeat","background-position":"center center","background-size":"auto","background-attachment":"scroll","background-type":"","background-media":"","overlay-type":"","overlay-color":"","overlay-opacity":"","overlay-gradient":""},"tablet":{"background-color":"var(--ast-global-color-5)","background-image":"","background-repeat":"repeat","background-position":"center center","background-size":"auto","background-attachment":"scroll","background-type":"","background-media":"","overlay-type":"","overlay-color":"","overlay-opacity":"","overlay-gradient":""},"mobile":{"background-color":"var(--ast-global-color-5)","background-image":"","background-repeat":"repeat","background-position":"center center","background-size":"auto","background-attachment":"scroll","background-type":"","background-media":"","overlay-type":"","overlay-color":"","overlay-opacity":"","overlay-gradient":""}},"footnotes":""},"class_list":["post-695","page","type-page","status-publish","has-post-thumbnail","hentry"],"acf":[],"yoast_head":"<!-- This site is optimized with the Yoast SEO Premium plugin v26.8 (Yoast SEO v26.8) - https:\/\/yoast.com\/product\/yoast-seo-premium-wordpress\/ -->\n<title>Bulk Pack &amp; Bag-In-Box| Pearson Packaging Systems<\/title>\n<meta name=\"description\" content=\"Pearson Bag Inserters guarantee smooth and precise bag placement into boxes. Explore our Bulk Pack portfolio to find the machine suitable for you.\" \/>\n<meta name=\"robots\" content=\"index, follow, max-snippet:-1, max-image-preview:large, max-video-preview:-1\" \/>\n<link rel=\"canonical\" href=\"https:\/\/pearsonpkg.com\/es\/equipment\/pack\/bulk-pack\/\" \/>\n<meta property=\"og:locale\" content=\"es_MX\" \/>\n<meta property=\"og:type\" content=\"article\" \/>\n<meta property=\"og:title\" content=\"Bulk Pack\/Bag-in-Box\" \/>\n<meta property=\"og:description\" content=\"Pearson Bag Inserters guarantee smooth and precise bag placement into boxes. Explore our Bulk Pack portfolio to find the machine suitable for you.\" \/>\n<meta property=\"og:url\" content=\"https:\/\/pearsonpkg.com\/es\/equipment\/pack\/bulk-pack\/\" \/>\n<meta property=\"og:site_name\" content=\"Pearson Packaging Systems\" \/>\n<meta property=\"article:publisher\" content=\"https:\/\/www.facebook.com\/PearsonPkgSys\" \/>\n<meta property=\"article:modified_time\" content=\"2025-11-03T18:50:09+00:00\" \/>\n<meta property=\"og:image\" content=\"https:\/\/pearsonpkg.com\/wp-content\/uploads\/2020\/01\/BagInserter.jpg\" \/>\n\t<meta property=\"og:image:width\" content=\"2560\" \/>\n\t<meta property=\"og:image:height\" content=\"1386\" \/>\n\t<meta property=\"og:image:type\" content=\"image\/jpeg\" \/>\n<meta name=\"twitter:card\" content=\"summary_large_image\" \/>\n<meta name=\"twitter:site\" content=\"@PearsonPkgSys\" \/>\n<meta name=\"twitter:label1\" content=\"Tiempo de lectura\" \/>\n\t<meta name=\"twitter:data1\" content=\"3 minutos\" \/>\n<script type=\"application\/ld+json\" class=\"yoast-schema-graph\">{\"@context\":\"https:\/\/schema.org\",\"@graph\":[{\"@type\":\"WebPage\",\"@id\":\"https:\/\/pearsonpkg.com\/es\/equipment\/pack\/bulk-pack\/\",\"url\":\"https:\/\/pearsonpkg.com\/es\/equipment\/pack\/bulk-pack\/\",\"name\":\"Bulk Pack & Bag-In-Box| Pearson Packaging Systems\",\"isPartOf\":{\"@id\":\"https:\/\/pearsonpkg.com\/es\/#website\"},\"primaryImageOfPage\":{\"@id\":\"https:\/\/pearsonpkg.com\/es\/equipment\/pack\/bulk-pack\/#primaryimage\"},\"image\":{\"@id\":\"https:\/\/pearsonpkg.com\/es\/equipment\/pack\/bulk-pack\/#primaryimage\"},\"thumbnailUrl\":\"https:\/\/pearsonpkg.com\/wp-content\/uploads\/2020\/01\/BagInserter.jpg\",\"datePublished\":\"2019-08-27T17:39:21+00:00\",\"dateModified\":\"2025-11-03T18:50:09+00:00\",\"description\":\"Pearson Bag Inserters guarantee smooth and precise bag placement into boxes. Explore our Bulk Pack portfolio to find the machine suitable for you.\",\"breadcrumb\":{\"@id\":\"https:\/\/pearsonpkg.com\/es\/equipment\/pack\/bulk-pack\/#breadcrumb\"},\"inLanguage\":\"es\",\"potentialAction\":[{\"@type\":\"ReadAction\",\"target\":[\"https:\/\/pearsonpkg.com\/es\/equipment\/pack\/bulk-pack\/\"]}]},{\"@type\":\"ImageObject\",\"inLanguage\":\"es\",\"@id\":\"https:\/\/pearsonpkg.com\/es\/equipment\/pack\/bulk-pack\/#primaryimage\",\"url\":\"https:\/\/pearsonpkg.com\/wp-content\/uploads\/2020\/01\/BagInserter.jpg\",\"contentUrl\":\"https:\/\/pearsonpkg.com\/wp-content\/uploads\/2020\/01\/BagInserter.jpg\",\"width\":2560,\"height\":1386,\"caption\":\"BagInserter\"},{\"@type\":\"BreadcrumbList\",\"@id\":\"https:\/\/pearsonpkg.com\/es\/equipment\/pack\/bulk-pack\/#breadcrumb\",\"itemListElement\":[{\"@type\":\"ListItem\",\"position\":1,\"name\":\"Home\",\"item\":\"https:\/\/pearsonpkg.com\/\"},{\"@type\":\"ListItem\",\"position\":2,\"name\":\"Secondary Packaging Equipment\",\"item\":\"https:\/\/pearsonpkg.com\/es\/packaging-machinery\/equipment\/\"},{\"@type\":\"ListItem\",\"position\":3,\"name\":\"Case Packing\",\"item\":\"https:\/\/pearsonpkg.com\/es\/equipment-category\/pack\/\"},{\"@type\":\"ListItem\",\"position\":4,\"name\":\"Bulk Pack\/Bag-in-Box\"}]},{\"@type\":\"WebSite\",\"@id\":\"https:\/\/pearsonpkg.com\/es\/#website\",\"url\":\"https:\/\/pearsonpkg.com\/es\/\",\"name\":\"Pearson Packaging Systems\",\"description\":\"\",\"publisher\":{\"@id\":\"https:\/\/pearsonpkg.com\/es\/#organization\"},\"potentialAction\":[{\"@type\":\"SearchAction\",\"target\":{\"@type\":\"EntryPoint\",\"urlTemplate\":\"https:\/\/pearsonpkg.com\/es\/?s={search_term_string}\"},\"query-input\":{\"@type\":\"PropertyValueSpecification\",\"valueRequired\":true,\"valueName\":\"search_term_string\"}}],\"inLanguage\":\"es\"},{\"@type\":\"Organization\",\"@id\":\"https:\/\/pearsonpkg.com\/es\/#organization\",\"name\":\"Pearson Packaging Systems\",\"url\":\"https:\/\/pearsonpkg.com\/es\/\",\"logo\":{\"@type\":\"ImageObject\",\"inLanguage\":\"es\",\"@id\":\"https:\/\/pearsonpkg.com\/es\/#\/schema\/logo\/image\/\",\"url\":\"https:\/\/pearsonpkg.com\/wp-content\/uploads\/2019\/11\/logo_PearsonPackaging.png\",\"contentUrl\":\"https:\/\/pearsonpkg.com\/wp-content\/uploads\/2019\/11\/logo_PearsonPackaging.png\",\"width\":544,\"height\":150,\"caption\":\"Pearson Packaging Systems\"},\"image\":{\"@id\":\"https:\/\/pearsonpkg.com\/es\/#\/schema\/logo\/image\/\"},\"sameAs\":[\"https:\/\/www.facebook.com\/PearsonPkgSys\",\"https:\/\/x.com\/PearsonPkgSys\",\"https:\/\/www.linkedin.com\/company\/pearson-packaging-systems\/\",\"https:\/\/www.youtube.com\/user\/PearsonPkg\"]}]}<\/script>\n<!-- \/ Yoast SEO Premium plugin. -->","yoast_head_json":{"title":"Bulk Pack & Bag-In-Box| Pearson Packaging Systems","description":"Pearson Bag Inserters guarantee smooth and precise bag placement into boxes. Explore our Bulk Pack portfolio to find the machine suitable for you.","robots":{"index":"index","follow":"follow","max-snippet":"max-snippet:-1","max-image-preview":"max-image-preview:large","max-video-preview":"max-video-preview:-1"},"canonical":"https:\/\/pearsonpkg.com\/es\/equipment\/pack\/bulk-pack\/","og_locale":"es_MX","og_type":"article","og_title":"Bulk Pack\/Bag-in-Box","og_description":"Pearson Bag Inserters guarantee smooth and precise bag placement into boxes. Explore our Bulk Pack portfolio to find the machine suitable for you.","og_url":"https:\/\/pearsonpkg.com\/es\/equipment\/pack\/bulk-pack\/","og_site_name":"Pearson Packaging Systems","article_publisher":"https:\/\/www.facebook.com\/PearsonPkgSys","article_modified_time":"2025-11-03T18:50:09+00:00","og_image":[{"width":2560,"height":1386,"url":"https:\/\/pearsonpkg.com\/wp-content\/uploads\/2020\/01\/BagInserter.jpg","type":"image\/jpeg"}],"twitter_card":"summary_large_image","twitter_site":"@PearsonPkgSys","twitter_misc":{"Tiempo de lectura":"3 minutos"},"schema":{"@context":"https:\/\/schema.org","@graph":[{"@type":"WebPage","@id":"https:\/\/pearsonpkg.com\/es\/equipment\/pack\/bulk-pack\/","url":"https:\/\/pearsonpkg.com\/es\/equipment\/pack\/bulk-pack\/","name":"Bulk Pack & Bag-In-Box| Pearson Packaging Systems","isPartOf":{"@id":"https:\/\/pearsonpkg.com\/es\/#website"},"primaryImageOfPage":{"@id":"https:\/\/pearsonpkg.com\/es\/equipment\/pack\/bulk-pack\/#primaryimage"},"image":{"@id":"https:\/\/pearsonpkg.com\/es\/equipment\/pack\/bulk-pack\/#primaryimage"},"thumbnailUrl":"https:\/\/pearsonpkg.com\/wp-content\/uploads\/2020\/01\/BagInserter.jpg","datePublished":"2019-08-27T17:39:21+00:00","dateModified":"2025-11-03T18:50:09+00:00","description":"Pearson Bag Inserters guarantee smooth and precise bag placement into boxes. Explore our Bulk Pack portfolio to find the machine suitable for you.","breadcrumb":{"@id":"https:\/\/pearsonpkg.com\/es\/equipment\/pack\/bulk-pack\/#breadcrumb"},"inLanguage":"es","potentialAction":[{"@type":"ReadAction","target":["https:\/\/pearsonpkg.com\/es\/equipment\/pack\/bulk-pack\/"]}]},{"@type":"ImageObject","inLanguage":"es","@id":"https:\/\/pearsonpkg.com\/es\/equipment\/pack\/bulk-pack\/#primaryimage","url":"https:\/\/pearsonpkg.com\/wp-content\/uploads\/2020\/01\/BagInserter.jpg","contentUrl":"https:\/\/pearsonpkg.com\/wp-content\/uploads\/2020\/01\/BagInserter.jpg","width":2560,"height":1386,"caption":"BagInserter"},{"@type":"BreadcrumbList","@id":"https:\/\/pearsonpkg.com\/es\/equipment\/pack\/bulk-pack\/#breadcrumb","itemListElement":[{"@type":"ListItem","position":1,"name":"Home","item":"https:\/\/pearsonpkg.com\/"},{"@type":"ListItem","position":2,"name":"Secondary Packaging Equipment","item":"https:\/\/pearsonpkg.com\/es\/packaging-machinery\/equipment\/"},{"@type":"ListItem","position":3,"name":"Case Packing","item":"https:\/\/pearsonpkg.com\/es\/equipment-category\/pack\/"},{"@type":"ListItem","position":4,"name":"Bulk Pack\/Bag-in-Box"}]},{"@type":"WebSite","@id":"https:\/\/pearsonpkg.com\/es\/#website","url":"https:\/\/pearsonpkg.com\/es\/","name":"Sistemas de embalaje de Pearson","description":"","publisher":{"@id":"https:\/\/pearsonpkg.com\/es\/#organization"},"potentialAction":[{"@type":"SearchAction","target":{"@type":"EntryPoint","urlTemplate":"https:\/\/pearsonpkg.com\/es\/?s={search_term_string}"},"query-input":{"@type":"PropertyValueSpecification","valueRequired":true,"valueName":"search_term_string"}}],"inLanguage":"es"},{"@type":"Organization","@id":"https:\/\/pearsonpkg.com\/es\/#organization","name":"Sistemas de embalaje de Pearson","url":"https:\/\/pearsonpkg.com\/es\/","logo":{"@type":"ImageObject","inLanguage":"es","@id":"https:\/\/pearsonpkg.com\/es\/#\/schema\/logo\/image\/","url":"https:\/\/pearsonpkg.com\/wp-content\/uploads\/2019\/11\/logo_PearsonPackaging.png","contentUrl":"https:\/\/pearsonpkg.com\/wp-content\/uploads\/2019\/11\/logo_PearsonPackaging.png","width":544,"height":150,"caption":"Pearson Packaging Systems"},"image":{"@id":"https:\/\/pearsonpkg.com\/es\/#\/schema\/logo\/image\/"},"sameAs":["https:\/\/www.facebook.com\/PearsonPkgSys","https:\/\/x.com\/PearsonPkgSys","https:\/\/www.linkedin.com\/company\/pearson-packaging-systems\/","https:\/\/www.youtube.com\/user\/PearsonPkg"]}]}},"_links":{"self":[{"href":"https:\/\/pearsonpkg.com\/es\/wp-json\/wp\/v2\/pages\/695","targetHints":{"allow":["GET"]}}],"collection":[{"href":"https:\/\/pearsonpkg.com\/es\/wp-json\/wp\/v2\/pages"}],"about":[{"href":"https:\/\/pearsonpkg.com\/es\/wp-json\/wp\/v2\/types\/page"}],"author":[{"embeddable":true,"href":"https:\/\/pearsonpkg.com\/es\/wp-json\/wp\/v2\/users\/3"}],"replies":[{"embeddable":true,"href":"https:\/\/pearsonpkg.com\/es\/wp-json\/wp\/v2\/comments?post=695"}],"version-history":[{"count":0,"href":"https:\/\/pearsonpkg.com\/es\/wp-json\/wp\/v2\/pages\/695\/revisions"}],"up":[{"embeddable":true,"href":"https:\/\/pearsonpkg.com\/es\/wp-json\/wp\/v2\/pages\/12"}],"wp:featuredmedia":[{"embeddable":true,"href":"https:\/\/pearsonpkg.com\/es\/wp-json\/wp\/v2\/media\/2185"}],"wp:attachment":[{"href":"https:\/\/pearsonpkg.com\/es\/wp-json\/wp\/v2\/media?parent=695"}],"curies":[{"name":"wp","href":"https:\/\/api.w.org\/{rel}","templated":true}]}}