{"id":6477,"date":"2025-02-12T08:21:24","date_gmt":"2025-02-12T16:21:24","guid":{"rendered":"https:\/\/pearsonpkg.com\/?page_id=6477"},"modified":"2025-09-11T11:10:15","modified_gmt":"2025-09-11T18:10:15","slug":"case-packing-of-bottles-of-soap","status":"publish","type":"page","link":"https:\/\/pearsonpkg.com\/es\/integrated-systems\/case-packing-of-bottles-of-soap\/","title":{"rendered":"Case Packing of Bottles of Soap"},"content":{"rendered":"<p>Sistemas integrados<\/p>\n<h1>\n\t\tCase Packing of Bottles of Soap\n\t<\/h1>\n<h2>\n\t\tDescripci\u00f3n general del sistema\n\t<\/h2>\n\t\t\t\t<img loading=\"lazy\" decoding=\"async\" src=\"https:\/\/pearsonpkg.com\/wp-content\/uploads\/2025\/02\/SoapBottle_Icon-e1739392305998.png\" alt=\"Soap Bottle Icon\" itemprop=\"image\" height=\"200\" width=\"116\" title=\"SoapBottle_Icon\" onerror=\"this.style.display='none'\"  \/>\n\t<strong>Solicitud:<\/strong> Case packing and palletizing for 5 different sizes of soap bottles (12, 15, 18, 24, 37.5 oz) in combinations of 4 and 6 products per case<br \/>\n<strong>Velocidad:<\/strong> 140 products per minute \/ 20-30 cases per minute<br \/>\n<strong>Desaf\u00edos \u00fanicos:<\/strong> High line speed and product and case instability due to tall and skinny form factor of the bottles<br \/>\n<strong>Importante para el cliente:<\/strong> Machine uniformity with an easy user interface to minimize training needs and a single supplier to ensure optimal integration of all system components\n<h3>\n\t\tDise\u00f1o de sistemas\n\t<\/h3>\n\t\t\t\t<a href=\"https:\/\/pearsonpkg.com\/wp-content\/uploads\/2025\/02\/Floorplan_SoapBottleLine.jpg\"  target=\"_self\" itemprop=\"url\">\n\t\t\t\t<img loading=\"lazy\" decoding=\"async\" src=\"https:\/\/pearsonpkg.com\/wp-content\/uploads\/2025\/02\/Floorplan_SoapBottleLine-1024x598.jpg\" alt=\"Floor plan soap bottle line\" itemprop=\"image\" height=\"598\" width=\"1024\" title=\"Floorplan_SoapBottleLine\" onerror=\"this.style.display='none'\"  \/>\n\t\t\t\t<\/a>\n<h3>\n\t\tSistema en acci\u00f3n\n\t<\/h3>\n\t\t<img decoding=\"async\" src=\"https:\/\/pearsonpkg.com\/wp-content\/uploads\/2025\/02\/ThumnailImage_Video.jpg\" alt=\"\"\/>\n<h3>\n\t\tDescripci\u00f3n de la operaci\u00f3n\n\t<\/h3>\n\t<p>The line includes Pearson&#8217;s CE35-T Case Erector, a Lane Diverter, RTL-MX Top Load Case Packer, CS25 Case Sealer, and RPC-MX Palletizer with integrated Pallet Dispenser and Stretch Wrapper.<\/p>\n<p>Entre las caracter\u00edsticas m\u00e1s destacadas del sistema se incluyen:<\/p>\n<ul>\n<li aria-level=\"1\">Case packer packs 4 cases simultaneously to lower the pick and place rate<\/li>\n<li aria-level=\"1\">Fanuc robots with Allen-Bradley controls provide maximum uptime and minimal maintenance requirements<\/li>\n<li aria-level=\"1\">Regenerative vacuum blower minimizes compressed air consumption<\/li>\n<li aria-level=\"1\">Common and intuitive operator experience on all equipment<\/li>\n<\/ul>\n<p>Empty cases, as small as 7&#215;5 inches, are formed on Pearson&#8217;s CE35 Case Erector. They are then conveyed into the packing cell with their length dimension traveling parallel to flow. At the same time, soap bottles enter the cell in a single lane before being diverted into two or three lanes to prepare the pick pattern. With its custom end-of-arm tool, the robot picks enough product for up to four cases at once to achieve the desired throughput rates. The tool then automatically extends and gaps each product group. Mechanical fingers hold the case flaps open to ensure a smooth placement. Once full, the cases continue their journey to Pearson&#8217;s CS25 where they are top sealed with tape. Sealed cases then continue to the RPC-MX palletizer with integrated stretch wrapper. There, a pallet dispenser releases a pallet and conveys it to the pallet build station, where the robot picks and places multiple cases at a time. A Z-style pattern maximizes the pallet capacity. As soon as a layer of product is completed, the integrated stretch wrapper wraps the pallet up to the next the layer to ensure load stability. This process continues until the pallet is complete and fully wrapped.<\/p>\n<h2>\n\t\tComponentes del sistema\n\t<\/h2>\n\t<p>El sistema de empaquetado y paletizado de botellas de jab\u00f3n se compone de las siguientes m\u00e1quinas Pearson. Haga clic en la imagen para explorar las caracter\u00edsticas est\u00e1ndar del producto de forma interactiva o visite la p\u00e1gina del producto para obtener m\u00e1s detalles.<\/p>\n\t\t\t<iframe loading=\"lazy\" src=\"https:\/\/pearsonpkg.com\/embeds\/CE25\/index.html\" frameborder=\"0\" width=\"100%\" height=\"100%\" allowfullscreen><\/iframe>\t\t\t\n\t\t<img decoding=\"async\" src=\"https:\/\/pearsonpkg.com\/wp-content\/uploads\/2020\/02\/CE35-T-1024x576.png\" alt=\"CE35 T\"\/>\n\t<p>Formadora de cajas<\/p>\n<h3>\n\t\tCE35\n\t<\/h3>\n\t\t\t<iframe loading=\"lazy\" src=\"https:\/\/pearsonpkg.com\/embeds\/CE25\/index.html\" frameborder=\"0\" width=\"100%\" height=\"100%\" allowfullscreen><\/iframe>\t\t\t\n\t\t\t<a href=\"javascript:void(0)\" title=\"Click Here\" target=\"_self\"  data-modal=  \"role=\"button\"\" aria-label=\"Animaci\u00f3n\">\n\t\t\t\t\t\t\t\t\t\t\tAnimaci\u00f3n\n\t\t<\/a>\n\t\t\t<a href=\"https:\/\/pearsonpkg.com\/es\/equipment\/erect\/case-erector\/ce35\/\" target=\"_blank\" rel=\"noopener\">\n\t\t\t\t\t\tP\u00e1gina del producto\n\t\t\t\t\t<\/a>\n\t\t\t\t<img loading=\"lazy\" decoding=\"async\" src=\"https:\/\/pearsonpkg.com\/wp-content\/uploads\/2021\/05\/RTL-HZ-300x169.png\" alt=\"RTL-HZ Robotic Case Packer\" itemprop=\"image\" height=\"169\" width=\"300\" title=\"RTL-HZ\" onerror=\"this.style.display='none'\"  \/>\n\t<p>empacadora de cajas<\/p>\n<h3>\n\t\tRTL-MX\n\t<\/h3>\n\t\t\t<a href=\"https:\/\/pearsonpkg.com\/es\/equipment\/pack\/case-packer\/\" target=\"_blank\" rel=\"noopener\">\n\t\t\t\t\t\tP\u00e1gina del producto\n\t\t\t\t\t<\/a>\n\t\t\t<iframe loading=\"lazy\" src=\"https:\/\/pearsonpkg.com\/embeds\/CS25\/index.html\" frameborder=\"0\" width=\"100%\" height=\"100%\" allowfullscreen><\/iframe>\t\t\t\n\t\t<img decoding=\"async\" src=\"https:\/\/pearsonpkg.com\/wp-content\/uploads\/2020\/01\/CS25-XL-300x169.png\" alt=\"CS25 XL\"\/>\n\t<p>Selladora de cajas<\/p>\n<h3>\n\t\tCS25\n\t<\/h3>\n\t\t\t<iframe loading=\"lazy\" src=\"https:\/\/pearsonpkg.com\/embeds\/CS25\/index.html\" frameborder=\"0\" width=\"100%\" height=\"100%\" allowfullscreen><\/iframe>\t\t\t\n\t\t\t<a href=\"javascript:void(0)\" title=\"Click Here\" target=\"_self\"  data-modal=  \"role=\"button\"\" aria-label=\"Animaci\u00f3n\">\n\t\t\t\t\t\t\t\t\t\t\tAnimaci\u00f3n\n\t\t<\/a>\n\t\t\t<a href=\"https:\/\/pearsonpkg.com\/es\/equipment\/seal\/case-sealer\/cs25\/\" target=\"_blank\" rel=\"noopener\">\n\t\t\t\t\t\tP\u00e1gina del producto\n\t\t\t\t\t<\/a>\n\t\t\t\t<img loading=\"lazy\" decoding=\"async\" src=\"https:\/\/pearsonpkg.com\/wp-content\/uploads\/2020\/02\/RPC-OU-300x169.png\" alt=\"RPC OU\" itemprop=\"image\" height=\"169\" width=\"300\" title=\"Unidad organizativa RPC\" onerror=\"this.style.display='none'\"  \/>\n\t<p>Paletizador<\/p>\n<h3>\n\t\tRPC-MX\n\t<\/h3>\n\t\t\t<a href=\"https:\/\/pearsonpkg.com\/es\/equipment\/palletize\/configurable-robotic-palletizer\/\" target=\"_blank\" rel=\"noopener\">\n\t\t\t\t\t\tP\u00e1gina del producto\n\t\t\t\t\t<\/a>\n<h2>\n\t\tDise\u00f1o centrado en el usuario\n\t<\/h2>\n\t<p>El dise\u00f1o centrado en el usuario busca que la interacci\u00f3n con nuestras m\u00e1quinas sea lo m\u00e1s intuitiva posible. Todas las m\u00e1quinas Pearson cuentan con una interfaz de usuario uniforme y altamente intuitiva, que sigue los principios comunes del dise\u00f1o web, con iconos familiares, mapas interactivos e instrucciones gr\u00e1ficas paso a paso. Nuestro objetivo es reducir la curva de aprendizaje para sus operadores y t\u00e9cnicos de mantenimiento, minimizar el margen de error humano y lograr que la configuraci\u00f3n, el cambio de formato y la recuperaci\u00f3n de fallos sean procesos r\u00e1pidos y fluidos, lo que se traduce en un mayor tiempo de actividad y disponibilidad del equipo.<\/p>\n\t\t\t<a href=\"https:\/\/pearsonpkg.com\/es\/packaging-machinery\/equipment\/#user-centric-design\" target=\"_self\">\n\t\t\t\t\t\t\tM\u00e1s informaci\u00f3n\n\t\t\t\t\t<\/a>\n<h2>\n\t\tGemelo digital\n\t<\/h2>\n\t\t<img decoding=\"async\" src=\"https:\/\/pearsonpkg.com\/wp-content\/uploads\/2025\/02\/DigitalTwin.jpg\" alt=\"\"\/>\n\t<p>Emulation of system components of the soap bottle line helped design, test and refine modifications in the virtual environment before implementing them in the field, reducing downtime for the customer and accelerating the implementation process.<\/p>\n<p>The digital twin of the lane diverter helped reduce the machine&#8217;s footprint while maintaining case rate and the digital twin of the palletizer enabled us to optimize the machine&#8217;s performance through a new build process.<\/p>","protected":false},"excerpt":{"rendered":"<p>Integrated Systems Case Packing of Bottles of Soap System Overview Application: Case packing and palletizing for 5 different sizes of soap bottles (12, 15, 18, 24, 37.5 oz) in combinations of 4 and 6 products per case Speed: 140 products per minute \/ 20-30 cases per minute Unique Challenges: High line speed and product and [&hellip;]<\/p>","protected":false},"author":3,"featured_media":0,"parent":1362,"menu_order":0,"comment_status":"closed","ping_status":"closed","template":"","meta":{"_acf_changed":false,"_eb_attr":"","site-sidebar-layout":"default","site-content-layout":"","ast-site-content-layout":"default","site-content-style":"default","site-sidebar-style":"default","ast-global-header-display":"","ast-banner-title-visibility":"","ast-main-header-display":"","ast-hfb-above-header-display":"","ast-hfb-below-header-display":"","ast-hfb-mobile-header-display":"","site-post-title":"","ast-breadcrumbs-content":"","ast-featured-img":"","footer-sml-layout":"","ast-disable-related-posts":"","theme-transparent-header-meta":"","adv-header-id-meta":"","stick-header-meta":"","header-above-stick-meta":"","header-main-stick-meta":"","header-below-stick-meta":"","astra-migrate-meta-layouts":"set","ast-page-background-enabled":"default","ast-page-background-meta":{"desktop":{"background-color":"","background-image":"","background-repeat":"repeat","background-position":"center center","background-size":"auto","background-attachment":"scroll","background-type":"","background-media":"","overlay-type":"","overlay-color":"","overlay-opacity":"","overlay-gradient":""},"tablet":{"background-color":"","background-image":"","background-repeat":"repeat","background-position":"center center","background-size":"auto","background-attachment":"scroll","background-type":"","background-media":"","overlay-type":"","overlay-color":"","overlay-opacity":"","overlay-gradient":""},"mobile":{"background-color":"","background-image":"","background-repeat":"repeat","background-position":"center center","background-size":"auto","background-attachment":"scroll","background-type":"","background-media":"","overlay-type":"","overlay-color":"","overlay-opacity":"","overlay-gradient":""}},"ast-content-background-meta":{"desktop":{"background-color":"var(--ast-global-color-5)","background-image":"","background-repeat":"repeat","background-position":"center center","background-size":"auto","background-attachment":"scroll","background-type":"","background-media":"","overlay-type":"","overlay-color":"","overlay-opacity":"","overlay-gradient":""},"tablet":{"background-color":"var(--ast-global-color-5)","background-image":"","background-repeat":"repeat","background-position":"center center","background-size":"auto","background-attachment":"scroll","background-type":"","background-media":"","overlay-type":"","overlay-color":"","overlay-opacity":"","overlay-gradient":""},"mobile":{"background-color":"var(--ast-global-color-5)","background-image":"","background-repeat":"repeat","background-position":"center center","background-size":"auto","background-attachment":"scroll","background-type":"","background-media":"","overlay-type":"","overlay-color":"","overlay-opacity":"","overlay-gradient":""}},"footnotes":""},"class_list":["post-6477","page","type-page","status-publish","hentry"],"acf":[],"yoast_head":"<!-- This site is optimized with the Yoast SEO Premium plugin v26.8 (Yoast SEO v26.8) - https:\/\/yoast.com\/product\/yoast-seo-premium-wordpress\/ -->\n<title>Case Packing of Bottles of Soap - Pearson Packaging Systems<\/title>\n<meta name=\"robots\" content=\"index, follow, max-snippet:-1, max-image-preview:large, max-video-preview:-1\" \/>\n<link rel=\"canonical\" href=\"https:\/\/pearsonpkg.com\/es\/integrated-systems\/case-packing-of-bottles-of-soap\/\" \/>\n<meta property=\"og:locale\" content=\"es_MX\" \/>\n<meta property=\"og:type\" content=\"article\" \/>\n<meta property=\"og:title\" content=\"Case Packing of Bottles of Soap\" \/>\n<meta property=\"og:description\" content=\"Integrated Systems Case Packing of Bottles of Soap System Overview Application: Case packing and palletizing for 5 different sizes of soap bottles (12, 15, 18, 24, 37.5 oz) in combinations of 4 and 6 products per case Speed: 140 products per minute \/ 20-30 cases per minute Unique Challenges: High line speed and product and [&hellip;]\" \/>\n<meta property=\"og:url\" content=\"https:\/\/pearsonpkg.com\/es\/integrated-systems\/case-packing-of-bottles-of-soap\/\" \/>\n<meta property=\"og:site_name\" content=\"Pearson Packaging Systems\" \/>\n<meta property=\"article:publisher\" content=\"https:\/\/www.facebook.com\/PearsonPkgSys\" \/>\n<meta property=\"article:modified_time\" content=\"2025-09-11T18:10:15+00:00\" \/>\n<meta property=\"og:image\" content=\"https:\/\/pearsonpkg.com\/wp-content\/uploads\/2025\/02\/SoapBottle_Icon-e1739392305998.png\" \/>\n<meta name=\"twitter:card\" content=\"summary_large_image\" \/>\n<meta name=\"twitter:site\" content=\"@PearsonPkgSys\" \/>\n<meta name=\"twitter:label1\" content=\"Tiempo de lectura\" \/>\n\t<meta name=\"twitter:data1\" content=\"5 minutos\" \/>\n<script type=\"application\/ld+json\" class=\"yoast-schema-graph\">{\"@context\":\"https:\/\/schema.org\",\"@graph\":[{\"@type\":\"WebPage\",\"@id\":\"https:\/\/pearsonpkg.com\/es\/integrated-systems\/case-packing-of-bottles-of-soap\/\",\"url\":\"https:\/\/pearsonpkg.com\/es\/integrated-systems\/case-packing-of-bottles-of-soap\/\",\"name\":\"Case Packing of Bottles of Soap - Pearson Packaging Systems\",\"isPartOf\":{\"@id\":\"https:\/\/pearsonpkg.com\/es\/#website\"},\"primaryImageOfPage\":{\"@id\":\"https:\/\/pearsonpkg.com\/es\/integrated-systems\/case-packing-of-bottles-of-soap\/#primaryimage\"},\"image\":{\"@id\":\"https:\/\/pearsonpkg.com\/es\/integrated-systems\/case-packing-of-bottles-of-soap\/#primaryimage\"},\"thumbnailUrl\":\"https:\/\/pearsonpkg.com\/wp-content\/uploads\/2025\/02\/SoapBottle_Icon-e1739392305998.png\",\"datePublished\":\"2025-02-12T16:21:24+00:00\",\"dateModified\":\"2025-09-11T18:10:15+00:00\",\"breadcrumb\":{\"@id\":\"https:\/\/pearsonpkg.com\/es\/integrated-systems\/case-packing-of-bottles-of-soap\/#breadcrumb\"},\"inLanguage\":\"es\",\"potentialAction\":[{\"@type\":\"ReadAction\",\"target\":[\"https:\/\/pearsonpkg.com\/es\/integrated-systems\/case-packing-of-bottles-of-soap\/\"]}]},{\"@type\":\"ImageObject\",\"inLanguage\":\"es\",\"@id\":\"https:\/\/pearsonpkg.com\/es\/integrated-systems\/case-packing-of-bottles-of-soap\/#primaryimage\",\"url\":\"https:\/\/pearsonpkg.com\/wp-content\/uploads\/2025\/02\/SoapBottle_Icon-e1739392305998.png\",\"contentUrl\":\"https:\/\/pearsonpkg.com\/wp-content\/uploads\/2025\/02\/SoapBottle_Icon-e1739392305998.png\"},{\"@type\":\"BreadcrumbList\",\"@id\":\"https:\/\/pearsonpkg.com\/es\/integrated-systems\/case-packing-of-bottles-of-soap\/#breadcrumb\",\"itemListElement\":[{\"@type\":\"ListItem\",\"position\":1,\"name\":\"Home\",\"item\":\"https:\/\/pearsonpkg.com\/\"},{\"@type\":\"ListItem\",\"position\":2,\"name\":\"Integrated Systems\",\"item\":\"https:\/\/pearsonpkg.com\/es\/integrated-systems\/\"},{\"@type\":\"ListItem\",\"position\":3,\"name\":\"Case Packing of Bottles of Soap\"}]},{\"@type\":\"WebSite\",\"@id\":\"https:\/\/pearsonpkg.com\/es\/#website\",\"url\":\"https:\/\/pearsonpkg.com\/es\/\",\"name\":\"Pearson Packaging Systems\",\"description\":\"\",\"publisher\":{\"@id\":\"https:\/\/pearsonpkg.com\/es\/#organization\"},\"potentialAction\":[{\"@type\":\"SearchAction\",\"target\":{\"@type\":\"EntryPoint\",\"urlTemplate\":\"https:\/\/pearsonpkg.com\/es\/?s={search_term_string}\"},\"query-input\":{\"@type\":\"PropertyValueSpecification\",\"valueRequired\":true,\"valueName\":\"search_term_string\"}}],\"inLanguage\":\"es\"},{\"@type\":\"Organization\",\"@id\":\"https:\/\/pearsonpkg.com\/es\/#organization\",\"name\":\"Pearson Packaging Systems\",\"url\":\"https:\/\/pearsonpkg.com\/es\/\",\"logo\":{\"@type\":\"ImageObject\",\"inLanguage\":\"es\",\"@id\":\"https:\/\/pearsonpkg.com\/es\/#\/schema\/logo\/image\/\",\"url\":\"https:\/\/pearsonpkg.com\/wp-content\/uploads\/2019\/11\/logo_PearsonPackaging.png\",\"contentUrl\":\"https:\/\/pearsonpkg.com\/wp-content\/uploads\/2019\/11\/logo_PearsonPackaging.png\",\"width\":544,\"height\":150,\"caption\":\"Pearson Packaging Systems\"},\"image\":{\"@id\":\"https:\/\/pearsonpkg.com\/es\/#\/schema\/logo\/image\/\"},\"sameAs\":[\"https:\/\/www.facebook.com\/PearsonPkgSys\",\"https:\/\/x.com\/PearsonPkgSys\",\"https:\/\/www.linkedin.com\/company\/pearson-packaging-systems\/\",\"https:\/\/www.youtube.com\/user\/PearsonPkg\"]}]}<\/script>\n<!-- \/ Yoast SEO Premium plugin. -->","yoast_head_json":{"title":"Case Packing of Bottles of Soap - Pearson Packaging Systems","robots":{"index":"index","follow":"follow","max-snippet":"max-snippet:-1","max-image-preview":"max-image-preview:large","max-video-preview":"max-video-preview:-1"},"canonical":"https:\/\/pearsonpkg.com\/es\/integrated-systems\/case-packing-of-bottles-of-soap\/","og_locale":"es_MX","og_type":"article","og_title":"Case Packing of Bottles of Soap","og_description":"Integrated Systems Case Packing of Bottles of Soap System Overview Application: Case packing and palletizing for 5 different sizes of soap bottles (12, 15, 18, 24, 37.5 oz) in combinations of 4 and 6 products per case Speed: 140 products per minute \/ 20-30 cases per minute Unique Challenges: High line speed and product and [&hellip;]","og_url":"https:\/\/pearsonpkg.com\/es\/integrated-systems\/case-packing-of-bottles-of-soap\/","og_site_name":"Pearson Packaging Systems","article_publisher":"https:\/\/www.facebook.com\/PearsonPkgSys","article_modified_time":"2025-09-11T18:10:15+00:00","og_image":[{"url":"https:\/\/pearsonpkg.com\/wp-content\/uploads\/2025\/02\/SoapBottle_Icon-e1739392305998.png","type":"","width":"","height":""}],"twitter_card":"summary_large_image","twitter_site":"@PearsonPkgSys","twitter_misc":{"Tiempo de lectura":"5 minutos"},"schema":{"@context":"https:\/\/schema.org","@graph":[{"@type":"WebPage","@id":"https:\/\/pearsonpkg.com\/es\/integrated-systems\/case-packing-of-bottles-of-soap\/","url":"https:\/\/pearsonpkg.com\/es\/integrated-systems\/case-packing-of-bottles-of-soap\/","name":"Case Packing of Bottles of Soap - Pearson Packaging Systems","isPartOf":{"@id":"https:\/\/pearsonpkg.com\/es\/#website"},"primaryImageOfPage":{"@id":"https:\/\/pearsonpkg.com\/es\/integrated-systems\/case-packing-of-bottles-of-soap\/#primaryimage"},"image":{"@id":"https:\/\/pearsonpkg.com\/es\/integrated-systems\/case-packing-of-bottles-of-soap\/#primaryimage"},"thumbnailUrl":"https:\/\/pearsonpkg.com\/wp-content\/uploads\/2025\/02\/SoapBottle_Icon-e1739392305998.png","datePublished":"2025-02-12T16:21:24+00:00","dateModified":"2025-09-11T18:10:15+00:00","breadcrumb":{"@id":"https:\/\/pearsonpkg.com\/es\/integrated-systems\/case-packing-of-bottles-of-soap\/#breadcrumb"},"inLanguage":"es","potentialAction":[{"@type":"ReadAction","target":["https:\/\/pearsonpkg.com\/es\/integrated-systems\/case-packing-of-bottles-of-soap\/"]}]},{"@type":"ImageObject","inLanguage":"es","@id":"https:\/\/pearsonpkg.com\/es\/integrated-systems\/case-packing-of-bottles-of-soap\/#primaryimage","url":"https:\/\/pearsonpkg.com\/wp-content\/uploads\/2025\/02\/SoapBottle_Icon-e1739392305998.png","contentUrl":"https:\/\/pearsonpkg.com\/wp-content\/uploads\/2025\/02\/SoapBottle_Icon-e1739392305998.png"},{"@type":"BreadcrumbList","@id":"https:\/\/pearsonpkg.com\/es\/integrated-systems\/case-packing-of-bottles-of-soap\/#breadcrumb","itemListElement":[{"@type":"ListItem","position":1,"name":"Home","item":"https:\/\/pearsonpkg.com\/"},{"@type":"ListItem","position":2,"name":"Integrated Systems","item":"https:\/\/pearsonpkg.com\/es\/integrated-systems\/"},{"@type":"ListItem","position":3,"name":"Case Packing of Bottles of Soap"}]},{"@type":"WebSite","@id":"https:\/\/pearsonpkg.com\/es\/#website","url":"https:\/\/pearsonpkg.com\/es\/","name":"Sistemas de embalaje de Pearson","description":"","publisher":{"@id":"https:\/\/pearsonpkg.com\/es\/#organization"},"potentialAction":[{"@type":"SearchAction","target":{"@type":"EntryPoint","urlTemplate":"https:\/\/pearsonpkg.com\/es\/?s={search_term_string}"},"query-input":{"@type":"PropertyValueSpecification","valueRequired":true,"valueName":"search_term_string"}}],"inLanguage":"es"},{"@type":"Organization","@id":"https:\/\/pearsonpkg.com\/es\/#organization","name":"Sistemas de embalaje de Pearson","url":"https:\/\/pearsonpkg.com\/es\/","logo":{"@type":"ImageObject","inLanguage":"es","@id":"https:\/\/pearsonpkg.com\/es\/#\/schema\/logo\/image\/","url":"https:\/\/pearsonpkg.com\/wp-content\/uploads\/2019\/11\/logo_PearsonPackaging.png","contentUrl":"https:\/\/pearsonpkg.com\/wp-content\/uploads\/2019\/11\/logo_PearsonPackaging.png","width":544,"height":150,"caption":"Pearson Packaging Systems"},"image":{"@id":"https:\/\/pearsonpkg.com\/es\/#\/schema\/logo\/image\/"},"sameAs":["https:\/\/www.facebook.com\/PearsonPkgSys","https:\/\/x.com\/PearsonPkgSys","https:\/\/www.linkedin.com\/company\/pearson-packaging-systems\/","https:\/\/www.youtube.com\/user\/PearsonPkg"]}]}},"_links":{"self":[{"href":"https:\/\/pearsonpkg.com\/es\/wp-json\/wp\/v2\/pages\/6477","targetHints":{"allow":["GET"]}}],"collection":[{"href":"https:\/\/pearsonpkg.com\/es\/wp-json\/wp\/v2\/pages"}],"about":[{"href":"https:\/\/pearsonpkg.com\/es\/wp-json\/wp\/v2\/types\/page"}],"author":[{"embeddable":true,"href":"https:\/\/pearsonpkg.com\/es\/wp-json\/wp\/v2\/users\/3"}],"replies":[{"embeddable":true,"href":"https:\/\/pearsonpkg.com\/es\/wp-json\/wp\/v2\/comments?post=6477"}],"version-history":[{"count":0,"href":"https:\/\/pearsonpkg.com\/es\/wp-json\/wp\/v2\/pages\/6477\/revisions"}],"up":[{"embeddable":true,"href":"https:\/\/pearsonpkg.com\/es\/wp-json\/wp\/v2\/pages\/1362"}],"wp:attachment":[{"href":"https:\/\/pearsonpkg.com\/es\/wp-json\/wp\/v2\/media?parent=6477"}],"curies":[{"name":"wp","href":"https:\/\/api.w.org\/{rel}","templated":true}]}}