{"id":35,"date":"2019-07-01T22:02:30","date_gmt":"2019-07-01T22:02:30","guid":{"rendered":"https:\/\/pearsonpkg.com\/?page_id=35"},"modified":"2024-05-13T19:26:47","modified_gmt":"2024-05-14T02:26:47","slug":"technical-service","status":"publish","type":"page","link":"https:\/\/pearsonpkg.com\/es\/packaging-machinery\/technical-service\/","title":{"rendered":"Servicio tecnico"},"content":{"rendered":"<h2>\n\t\tWhen you need us&#8230;\n\t<\/h2>\n\t<p>No importa qu\u00e9 tan buena sea su experiencia de compra, lo que realmente importa es lo que sucede si su equipo de empaque no funciona como se espera. Para apoyarlo de manera efectiva donde quiera que se encuentre, muchos de nuestros t\u00e9cnicos de servicio de campo e ingenieros de servicio de campo viven en la mayor\u00eda de las principales \u00e1reas metropolitanas de EE. UU. y sus alrededores. Adem\u00e1s, los ingenieros y los t\u00e9cnicos de f\u00e1brica de Pearson viajan regularmente a los sitios de los clientes para la instalaci\u00f3n, puesta en marcha, servicio y soluci\u00f3n de problemas.<\/p>\n<p>Solo los clientes felices son clientes habituales, por lo que estamos comprometidos con las soluciones oportunas y las excelentes experiencias de los clientes. Si un problema de rendimiento no se puede resolver en la primera visita de servicio, espere que regresemos con soporte de ingenier\u00eda para identificar en colaboraci\u00f3n la causa ra\u00edz y desarrollar una soluci\u00f3n adecuada sin demoras innecesarias.<\/p>\n<h3>\n\t\t<a href=\"https:\/\/pearsonpkg.com\/es\/technical-service\/tune-up-plus\/\" title=\"Afinaci\u00f3n Plus\" target=\"_self\" rel=\"noopener\">\n\t\tAfinaci\u00f3n Plus\n\t\t<\/a>\n\t<\/h3>\n\t\t\t\t<a href=\"https:\/\/pearsonpkg.com\/es\/packaging-machinery\/service\/service-run-support\/\" target=\"_self\" itemprop=\"url\" rel=\"noopener\">\n\t\t\t\t<img loading=\"lazy\" decoding=\"async\" src=\"https:\/\/pearsonpkg.com\/wp-content\/uploads\/2019\/12\/MachineExpertise@2x.png\" alt=\"Machine Expertise\" itemprop=\"image\" height=\"250\" width=\"250\" title=\"Experiencia en m\u00e1quinas@2x\" onerror=\"this.style.display='none'\"  \/>\n\t\t\t\t<\/a>\n\t\t\t<a href=\"https:\/\/pearsonpkg.com\/es\/technical-service\/tune-up-plus\/\" target=\"_self\" rel=\"noopener\">\n\t\t\t\t\t\tDetalles\n\t\t\t\t\t<\/a>\n<h3>\n\t\t<a href=\"https:\/\/pearsonpkg.com\/es\/packaging-machinery\/service\/service-run-support\/\" title=\"Soporte de servicio y ejecuci\u00f3n\" target=\"_self\" rel=\"noopener\">\n\t\tSoporte de servicio y ejecuci\u00f3n\n\t\t<\/a>\n\t<\/h3>\n\t\t\t\t<a href=\"https:\/\/pearsonpkg.com\/es\/packaging-machinery\/service\/service-run-support\/\" target=\"_self\" itemprop=\"url\" rel=\"noopener\">\n\t\t\t\t<img loading=\"lazy\" decoding=\"async\" src=\"https:\/\/pearsonpkg.com\/wp-content\/uploads\/2024\/05\/Operator_grey.png\" alt=\"Operator\" itemprop=\"image\" height=\"250\" width=\"250\" title=\"Operator_grey\" onerror=\"this.style.display='none'\"  \/>\n\t\t\t\t<\/a>\n\t\t\t<a href=\"https:\/\/pearsonpkg.com\/es\/packaging-machinery\/service\/service-run-support\/\" target=\"_self\" rel=\"noopener\">\n\t\t\t\t\t\tDetalles\n\t\t\t\t\t<\/a>\n<h3>\n\t\t<a href=\"https:\/\/pearsonpkg.com\/es\/technical-service\/remote-service-support\/\" title=\"Soporte de servicio remoto\" target=\"_self\" rel=\"noopener\">\n\t\tSoporte de servicio remoto\n\t\t<\/a>\n\t<\/h3>\n\t\t\t\t<a href=\"https:\/\/pearsonpkg.com\/es\/packaging-machinery\/service\/training\/\" target=\"_self\" itemprop=\"url\" rel=\"noopener\">\n\t\t\t\t<img loading=\"lazy\" decoding=\"async\" src=\"https:\/\/pearsonpkg.com\/wp-content\/uploads\/2019\/12\/UCD@2x.png\" alt=\"UCD@2x\" itemprop=\"image\" height=\"250\" width=\"250\" title=\"UCD@2x\" onerror=\"this.style.display='none'\"  \/>\n\t\t\t\t<\/a>\n\t\t\t<a href=\"https:\/\/pearsonpkg.com\/es\/technical-service\/remote-service-support\/\" target=\"_self\" rel=\"noopener\">\n\t\t\t\t\t\tDetalles\n\t\t\t\t\t<\/a>\n<h3>\n\t\t<a href=\"https:\/\/pearsonpkg.com\/es\/packaging-machinery\/service\/training\/\" title=\"Capacitaci\u00f3n\" target=\"_self\" rel=\"noopener\">\n\t\tCapacitaci\u00f3n\n\t\t<\/a>\n\t<\/h3>\n\t\t\t\t<a href=\"https:\/\/pearsonpkg.com\/es\/packaging-machinery\/service\/training\/\" target=\"_self\" itemprop=\"url\" rel=\"noopener\">\n\t\t\t\t<img loading=\"lazy\" decoding=\"async\" src=\"https:\/\/pearsonpkg.com\/wp-content\/uploads\/2019\/12\/Expert@2x.png\" alt=\"Expert\" itemprop=\"image\" height=\"250\" width=\"250\" title=\"Experto@2x\" onerror=\"this.style.display='none'\"  \/>\n\t\t\t\t<\/a>\n\t\t\t<a href=\"https:\/\/pearsonpkg.com\/es\/packaging-machinery\/service\/training\/\" target=\"_self\" rel=\"noopener\">\n\t\t\t\t\t\tDetalles\n\t\t\t\t\t<\/a>","protected":false},"excerpt":{"rendered":"<p>When you need us&#8230; No matter how great your purchase experience is, what really matters is what happens if your packaging equipment fails to perform as expected. To effectively support you wherever you are located, many of our field-service technicians and field-service engineers live in and around most major US metropolitan areas. In addition, Pearson [&hellip;]<\/p>","protected":false},"author":4,"featured_media":2201,"parent":1360,"menu_order":4,"comment_status":"closed","ping_status":"closed","template":"","meta":{"_acf_changed":false,"_eb_attr":"","site-sidebar-layout":"default","site-content-layout":"default","ast-site-content-layout":"default","site-content-style":"default","site-sidebar-style":"default","ast-global-header-display":"","ast-banner-title-visibility":"","ast-main-header-display":"","ast-hfb-above-header-display":"","ast-hfb-below-header-display":"","ast-hfb-mobile-header-display":"","site-post-title":"","ast-breadcrumbs-content":"","ast-featured-img":"","footer-sml-layout":"","ast-disable-related-posts":"","theme-transparent-header-meta":"default","adv-header-id-meta":"","stick-header-meta":"default","header-above-stick-meta":"","header-main-stick-meta":"","header-below-stick-meta":"","astra-migrate-meta-layouts":"set","ast-page-background-enabled":"default","ast-page-background-meta":{"desktop":{"background-color":"","background-image":"","background-repeat":"repeat","background-position":"center center","background-size":"auto","background-attachment":"scroll","background-type":"","background-media":"","overlay-type":"","overlay-color":"","overlay-opacity":"","overlay-gradient":""},"tablet":{"background-color":"","background-image":"","background-repeat":"repeat","background-position":"center center","background-size":"auto","background-attachment":"scroll","background-type":"","background-media":"","overlay-type":"","overlay-color":"","overlay-opacity":"","overlay-gradient":""},"mobile":{"background-color":"","background-image":"","background-repeat":"repeat","background-position":"center center","background-size":"auto","background-attachment":"scroll","background-type":"","background-media":"","overlay-type":"","overlay-color":"","overlay-opacity":"","overlay-gradient":""}},"ast-content-background-meta":{"desktop":{"background-color":"var(--ast-global-color-5)","background-image":"","background-repeat":"repeat","background-position":"center center","background-size":"auto","background-attachment":"scroll","background-type":"","background-media":"","overlay-type":"","overlay-color":"","overlay-opacity":"","overlay-gradient":""},"tablet":{"background-color":"var(--ast-global-color-5)","background-image":"","background-repeat":"repeat","background-position":"center center","background-size":"auto","background-attachment":"scroll","background-type":"","background-media":"","overlay-type":"","overlay-color":"","overlay-opacity":"","overlay-gradient":""},"mobile":{"background-color":"var(--ast-global-color-5)","background-image":"","background-repeat":"repeat","background-position":"center center","background-size":"auto","background-attachment":"scroll","background-type":"","background-media":"","overlay-type":"","overlay-color":"","overlay-opacity":"","overlay-gradient":""}},"footnotes":""},"class_list":["post-35","page","type-page","status-publish","has-post-thumbnail","hentry"],"acf":[],"yoast_head":"<!-- This site is optimized with the Yoast SEO Premium plugin v26.8 (Yoast SEO v26.8) - https:\/\/yoast.com\/product\/yoast-seo-premium-wordpress\/ -->\n<title>Technical Service | Pearson Packaging<\/title>\n<meta name=\"description\" content=\"We are committed to timely solutions &amp; great customer experiences. If you need service on your packaging equipment, contact us!\" \/>\n<meta name=\"robots\" content=\"index, follow, max-snippet:-1, max-image-preview:large, max-video-preview:-1\" \/>\n<link rel=\"canonical\" href=\"https:\/\/pearsonpkg.com\/es\/packaging-machinery\/technical-service\/\" \/>\n<meta property=\"og:locale\" content=\"es_MX\" \/>\n<meta property=\"og:type\" content=\"article\" \/>\n<meta property=\"og:title\" content=\"Technical Service\" \/>\n<meta property=\"og:description\" content=\"We are committed to timely solutions &amp; great customer experiences. If you need service on your packaging equipment, contact us!\" \/>\n<meta property=\"og:url\" content=\"https:\/\/pearsonpkg.com\/es\/packaging-machinery\/technical-service\/\" \/>\n<meta property=\"og:site_name\" content=\"Pearson Packaging Systems\" \/>\n<meta property=\"article:publisher\" content=\"https:\/\/www.facebook.com\/PearsonPkgSys\" \/>\n<meta property=\"article:modified_time\" content=\"2024-05-14T02:26:47+00:00\" \/>\n<meta property=\"og:image\" content=\"https:\/\/pearsonpkg.com\/wp-content\/uploads\/2020\/01\/TechnicalService.jpg\" \/>\n\t<meta property=\"og:image:width\" content=\"2560\" \/>\n\t<meta property=\"og:image:height\" content=\"1226\" \/>\n\t<meta property=\"og:image:type\" content=\"image\/jpeg\" \/>\n<meta name=\"twitter:card\" content=\"summary_large_image\" \/>\n<meta name=\"twitter:site\" content=\"@PearsonPkgSys\" \/>\n<meta name=\"twitter:label1\" content=\"Tiempo de lectura\" \/>\n\t<meta name=\"twitter:data1\" content=\"2 minutos\" \/>\n<script type=\"application\/ld+json\" class=\"yoast-schema-graph\">{\"@context\":\"https:\/\/schema.org\",\"@graph\":[{\"@type\":\"WebPage\",\"@id\":\"https:\/\/pearsonpkg.com\/es\/packaging-machinery\/technical-service\/\",\"url\":\"https:\/\/pearsonpkg.com\/es\/packaging-machinery\/technical-service\/\",\"name\":\"Technical Service | Pearson Packaging\",\"isPartOf\":{\"@id\":\"https:\/\/pearsonpkg.com\/es\/#website\"},\"primaryImageOfPage\":{\"@id\":\"https:\/\/pearsonpkg.com\/es\/packaging-machinery\/technical-service\/#primaryimage\"},\"image\":{\"@id\":\"https:\/\/pearsonpkg.com\/es\/packaging-machinery\/technical-service\/#primaryimage\"},\"thumbnailUrl\":\"https:\/\/pearsonpkg.com\/wp-content\/uploads\/2020\/01\/TechnicalService.jpg\",\"datePublished\":\"2019-07-01T22:02:30+00:00\",\"dateModified\":\"2024-05-14T02:26:47+00:00\",\"description\":\"We are committed to timely solutions & great customer experiences. If you need service on your packaging equipment, contact us!\",\"breadcrumb\":{\"@id\":\"https:\/\/pearsonpkg.com\/es\/packaging-machinery\/technical-service\/#breadcrumb\"},\"inLanguage\":\"es\",\"potentialAction\":[{\"@type\":\"ReadAction\",\"target\":[\"https:\/\/pearsonpkg.com\/es\/packaging-machinery\/technical-service\/\"]}]},{\"@type\":\"ImageObject\",\"inLanguage\":\"es\",\"@id\":\"https:\/\/pearsonpkg.com\/es\/packaging-machinery\/technical-service\/#primaryimage\",\"url\":\"https:\/\/pearsonpkg.com\/wp-content\/uploads\/2020\/01\/TechnicalService.jpg\",\"contentUrl\":\"https:\/\/pearsonpkg.com\/wp-content\/uploads\/2020\/01\/TechnicalService.jpg\",\"width\":2560,\"height\":1226,\"caption\":\"TechnicalService\"},{\"@type\":\"BreadcrumbList\",\"@id\":\"https:\/\/pearsonpkg.com\/es\/packaging-machinery\/technical-service\/#breadcrumb\",\"itemListElement\":[{\"@type\":\"ListItem\",\"position\":1,\"name\":\"Home\",\"item\":\"https:\/\/pearsonpkg.com\/\"},{\"@type\":\"ListItem\",\"position\":2,\"name\":\"Technical Service\"}]},{\"@type\":\"WebSite\",\"@id\":\"https:\/\/pearsonpkg.com\/es\/#website\",\"url\":\"https:\/\/pearsonpkg.com\/es\/\",\"name\":\"Pearson Packaging Systems\",\"description\":\"\",\"publisher\":{\"@id\":\"https:\/\/pearsonpkg.com\/es\/#organization\"},\"potentialAction\":[{\"@type\":\"SearchAction\",\"target\":{\"@type\":\"EntryPoint\",\"urlTemplate\":\"https:\/\/pearsonpkg.com\/es\/?s={search_term_string}\"},\"query-input\":{\"@type\":\"PropertyValueSpecification\",\"valueRequired\":true,\"valueName\":\"search_term_string\"}}],\"inLanguage\":\"es\"},{\"@type\":\"Organization\",\"@id\":\"https:\/\/pearsonpkg.com\/es\/#organization\",\"name\":\"Pearson Packaging Systems\",\"url\":\"https:\/\/pearsonpkg.com\/es\/\",\"logo\":{\"@type\":\"ImageObject\",\"inLanguage\":\"es\",\"@id\":\"https:\/\/pearsonpkg.com\/es\/#\/schema\/logo\/image\/\",\"url\":\"https:\/\/pearsonpkg.com\/wp-content\/uploads\/2019\/11\/logo_PearsonPackaging.png\",\"contentUrl\":\"https:\/\/pearsonpkg.com\/wp-content\/uploads\/2019\/11\/logo_PearsonPackaging.png\",\"width\":544,\"height\":150,\"caption\":\"Pearson Packaging Systems\"},\"image\":{\"@id\":\"https:\/\/pearsonpkg.com\/es\/#\/schema\/logo\/image\/\"},\"sameAs\":[\"https:\/\/www.facebook.com\/PearsonPkgSys\",\"https:\/\/x.com\/PearsonPkgSys\",\"https:\/\/www.linkedin.com\/company\/pearson-packaging-systems\/\",\"https:\/\/www.youtube.com\/user\/PearsonPkg\"]}]}<\/script>\n<!-- \/ Yoast SEO Premium plugin. -->","yoast_head_json":{"title":"Technical Service | Pearson Packaging","description":"We are committed to timely solutions & great customer experiences. If you need service on your packaging equipment, contact us!","robots":{"index":"index","follow":"follow","max-snippet":"max-snippet:-1","max-image-preview":"max-image-preview:large","max-video-preview":"max-video-preview:-1"},"canonical":"https:\/\/pearsonpkg.com\/es\/packaging-machinery\/technical-service\/","og_locale":"es_MX","og_type":"article","og_title":"Technical Service","og_description":"We are committed to timely solutions & great customer experiences. If you need service on your packaging equipment, contact us!","og_url":"https:\/\/pearsonpkg.com\/es\/packaging-machinery\/technical-service\/","og_site_name":"Pearson Packaging Systems","article_publisher":"https:\/\/www.facebook.com\/PearsonPkgSys","article_modified_time":"2024-05-14T02:26:47+00:00","og_image":[{"width":2560,"height":1226,"url":"https:\/\/pearsonpkg.com\/wp-content\/uploads\/2020\/01\/TechnicalService.jpg","type":"image\/jpeg"}],"twitter_card":"summary_large_image","twitter_site":"@PearsonPkgSys","twitter_misc":{"Tiempo de lectura":"2 minutos"},"schema":{"@context":"https:\/\/schema.org","@graph":[{"@type":"WebPage","@id":"https:\/\/pearsonpkg.com\/es\/packaging-machinery\/technical-service\/","url":"https:\/\/pearsonpkg.com\/es\/packaging-machinery\/technical-service\/","name":"Technical Service | Pearson Packaging","isPartOf":{"@id":"https:\/\/pearsonpkg.com\/es\/#website"},"primaryImageOfPage":{"@id":"https:\/\/pearsonpkg.com\/es\/packaging-machinery\/technical-service\/#primaryimage"},"image":{"@id":"https:\/\/pearsonpkg.com\/es\/packaging-machinery\/technical-service\/#primaryimage"},"thumbnailUrl":"https:\/\/pearsonpkg.com\/wp-content\/uploads\/2020\/01\/TechnicalService.jpg","datePublished":"2019-07-01T22:02:30+00:00","dateModified":"2024-05-14T02:26:47+00:00","description":"We are committed to timely solutions & great customer experiences. If you need service on your packaging equipment, contact us!","breadcrumb":{"@id":"https:\/\/pearsonpkg.com\/es\/packaging-machinery\/technical-service\/#breadcrumb"},"inLanguage":"es","potentialAction":[{"@type":"ReadAction","target":["https:\/\/pearsonpkg.com\/es\/packaging-machinery\/technical-service\/"]}]},{"@type":"ImageObject","inLanguage":"es","@id":"https:\/\/pearsonpkg.com\/es\/packaging-machinery\/technical-service\/#primaryimage","url":"https:\/\/pearsonpkg.com\/wp-content\/uploads\/2020\/01\/TechnicalService.jpg","contentUrl":"https:\/\/pearsonpkg.com\/wp-content\/uploads\/2020\/01\/TechnicalService.jpg","width":2560,"height":1226,"caption":"TechnicalService"},{"@type":"BreadcrumbList","@id":"https:\/\/pearsonpkg.com\/es\/packaging-machinery\/technical-service\/#breadcrumb","itemListElement":[{"@type":"ListItem","position":1,"name":"Home","item":"https:\/\/pearsonpkg.com\/"},{"@type":"ListItem","position":2,"name":"Technical Service"}]},{"@type":"WebSite","@id":"https:\/\/pearsonpkg.com\/es\/#website","url":"https:\/\/pearsonpkg.com\/es\/","name":"Sistemas de embalaje de Pearson","description":"","publisher":{"@id":"https:\/\/pearsonpkg.com\/es\/#organization"},"potentialAction":[{"@type":"SearchAction","target":{"@type":"EntryPoint","urlTemplate":"https:\/\/pearsonpkg.com\/es\/?s={search_term_string}"},"query-input":{"@type":"PropertyValueSpecification","valueRequired":true,"valueName":"search_term_string"}}],"inLanguage":"es"},{"@type":"Organization","@id":"https:\/\/pearsonpkg.com\/es\/#organization","name":"Sistemas de embalaje de Pearson","url":"https:\/\/pearsonpkg.com\/es\/","logo":{"@type":"ImageObject","inLanguage":"es","@id":"https:\/\/pearsonpkg.com\/es\/#\/schema\/logo\/image\/","url":"https:\/\/pearsonpkg.com\/wp-content\/uploads\/2019\/11\/logo_PearsonPackaging.png","contentUrl":"https:\/\/pearsonpkg.com\/wp-content\/uploads\/2019\/11\/logo_PearsonPackaging.png","width":544,"height":150,"caption":"Pearson Packaging Systems"},"image":{"@id":"https:\/\/pearsonpkg.com\/es\/#\/schema\/logo\/image\/"},"sameAs":["https:\/\/www.facebook.com\/PearsonPkgSys","https:\/\/x.com\/PearsonPkgSys","https:\/\/www.linkedin.com\/company\/pearson-packaging-systems\/","https:\/\/www.youtube.com\/user\/PearsonPkg"]}]}},"_links":{"self":[{"href":"https:\/\/pearsonpkg.com\/es\/wp-json\/wp\/v2\/pages\/35","targetHints":{"allow":["GET"]}}],"collection":[{"href":"https:\/\/pearsonpkg.com\/es\/wp-json\/wp\/v2\/pages"}],"about":[{"href":"https:\/\/pearsonpkg.com\/es\/wp-json\/wp\/v2\/types\/page"}],"author":[{"embeddable":true,"href":"https:\/\/pearsonpkg.com\/es\/wp-json\/wp\/v2\/users\/4"}],"replies":[{"embeddable":true,"href":"https:\/\/pearsonpkg.com\/es\/wp-json\/wp\/v2\/comments?post=35"}],"version-history":[{"count":0,"href":"https:\/\/pearsonpkg.com\/es\/wp-json\/wp\/v2\/pages\/35\/revisions"}],"up":[{"embeddable":true,"href":"https:\/\/pearsonpkg.com\/es\/wp-json\/wp\/v2\/pages\/1360"}],"wp:featuredmedia":[{"embeddable":true,"href":"https:\/\/pearsonpkg.com\/es\/wp-json\/wp\/v2\/media\/2201"}],"wp:attachment":[{"href":"https:\/\/pearsonpkg.com\/es\/wp-json\/wp\/v2\/media?parent=35"}],"curies":[{"name":"wp","href":"https:\/\/api.w.org\/{rel}","templated":true}]}}