{"id":33,"date":"2019-07-01T21:58:44","date_gmt":"2019-07-01T21:58:44","guid":{"rendered":"https:\/\/pearsonpkg.com\/?page_id=33"},"modified":"2025-12-09T10:03:46","modified_gmt":"2025-12-09T18:03:46","slug":"rebuilds","status":"publish","type":"page","link":"https:\/\/pearsonpkg.com\/es\/modifications-and-upgrades\/rebuilds\/","title":{"rendered":"reconstrucciones"},"content":{"rendered":"<p>Si su m\u00e1quina est\u00e1 un poco desgastada pero todav\u00eda tiene muchos a\u00f1os potenciales para servirle, considere una revisi\u00f3n completa. Devuelva sus m\u00e1quinas a condiciones de funcionamiento como nuevas. Aumente la producci\u00f3n, optimice el rendimiento y prolongue la vida \u00fatil de su equipo. Las reconstrucciones est\u00e1n disponibles como servicios de f\u00e1brica o de campo.<\/p>\n<h2>\n\t\tReconstrucci\u00f3n Mec\u00e1nica\n\t<\/h2>\n\t<p>Todas las reconstrucciones, ya sea que se completen en Pearson o en sus instalaciones, ofrecen lo siguiente:<\/p>\n\t<ul>\n<li>Sustituci\u00f3n de todos los elementos de desgaste mec\u00e1nico (cilindros, motores, reductores, v\u00e1lvulas, cadenas, etc.)<\/li>\n<li>Reconstrucci\u00f3n de todas las piezas de cambio compradas originalmente<\/li>\n<li>Reemplazo de todos los componentes el\u00e9ctricos montados en el marco (fotoc\u00e9lulas, interruptores de proximidad, etc.)<\/li>\n<li>Reconstrucci\u00f3n del cabezal de la cinta \/ Reemplazo de las boquillas de pegamento (lo que corresponda)<\/li>\n<li>Reemplazo de todos los protectores transparentes (por ejemplo, plexigl\u00e1s)<\/li>\n<li>Pruebas de controles de m\u00e1quinas.<\/li>\n<li>1 a\u00f1o de garant\u00eda<\/li>\n<\/ul>\n\t<p>Las reconstrucciones se pueden completar en Pearson o en sus instalaciones. La siguiente lista desglosa lo que se incluye con cualquiera de las opciones.<\/p>\n<h3>\n\t\tF\u00e1brica\n\t<\/h3>\n\t<ul>\n<li>Los componentes de protecci\u00f3n y seguridad el\u00e9ctrica se actualizan seg\u00fan los est\u00e1ndares de seguridad actuales de Pearson<\/li>\n<li>Limpieza a mano de la m\u00e1quina<\/li>\n<li>Cableado actualizado para cumplir con el est\u00e1ndar actual de Pearson<\/li>\n<li>La m\u00e1quina se configura y se prueba con el producto proporcionado por el cliente y muestras de cajas mediante el proceso de control de calidad est\u00e1ndar de Pearson.<\/li>\n<li>Sandblast and powder coat<\/li>\n<\/ul>\n<h3>\n\t\tCampo\n\t<\/h3>\n\t<ul>\n<li>Los componentes de protecci\u00f3n y seguridad el\u00e9ctrica se restauran a su configuraci\u00f3n original<\/li>\n<li>La m\u00e1quina se configura y se prueba con los materiales suministrados por el cliente antes del inicio de la producci\u00f3n.<\/li>\n<li>Soporte de ejecuci\u00f3n de producci\u00f3n para el primer turno despu\u00e9s de la reconstrucci\u00f3n<\/li>\n<\/ul>\n<h3>\n\t\tComplementos opcionales\n\t<\/h3>\n\t<ul>\n<li>Actualizaci\u00f3n de controles (PLC, HMI, relays, secuenciadores, drives, servos, etc.)<\/li>\n<li>Actualizaci\u00f3n de los sistemas de goma (tanque de goma, mangueras, pistolas, m\u00f3dulos, etc.)<\/li>\n<li>Cualquier actualizaci\u00f3n espec\u00edfica de la m\u00e1quina disponible<\/li>\n<\/ul>\n\t<p>Comun\u00edquese con nuestro equipo de servicio posventa para obtener recomendaciones basadas en sus circunstancias presupuestarias \u00fanicas y los requisitos de la planta.<\/p>\n\t\t\t<a href=\"\/es\/contact\/?department=Aftermarket+Sales\" target=\"_self\" role=\"button\" rel=\"noopener noreferrer\">\n\t\t\t\t\t\t\tComun\u00edquese con el equipo de servicio posventa\n\t\t\t\t\t<\/a>\n\n\n\n<p><\/p>","protected":false},"excerpt":{"rendered":"<p>If your machine is a little worn but still has many potential years to serve you, consider a complete overhaul. Return your machines to like-new operating condition. Increase production, optimize performance and extend the life of your equipment. Rebuilds are available as factory or in-field services. Mechanical Rebuild All rebuilds, whether completed at Pearson or [&hellip;]<\/p>","protected":false},"author":3,"featured_media":2232,"parent":23,"menu_order":4,"comment_status":"closed","ping_status":"closed","template":"","meta":{"_acf_changed":true,"_eb_attr":"","site-sidebar-layout":"default","site-content-layout":"default","ast-site-content-layout":"default","site-content-style":"default","site-sidebar-style":"default","ast-global-header-display":"","ast-banner-title-visibility":"","ast-main-header-display":"","ast-hfb-above-header-display":"","ast-hfb-below-header-display":"","ast-hfb-mobile-header-display":"","site-post-title":"","ast-breadcrumbs-content":"","ast-featured-img":"","footer-sml-layout":"","ast-disable-related-posts":"","theme-transparent-header-meta":"default","adv-header-id-meta":"","stick-header-meta":"","header-above-stick-meta":"","header-main-stick-meta":"","header-below-stick-meta":"","astra-migrate-meta-layouts":"set","ast-page-background-enabled":"default","ast-page-background-meta":{"desktop":{"background-color":"","background-image":"","background-repeat":"repeat","background-position":"center center","background-size":"auto","background-attachment":"scroll","background-type":"","background-media":"","overlay-type":"","overlay-color":"","overlay-opacity":"","overlay-gradient":""},"tablet":{"background-color":"","background-image":"","background-repeat":"repeat","background-position":"center center","background-size":"auto","background-attachment":"scroll","background-type":"","background-media":"","overlay-type":"","overlay-color":"","overlay-opacity":"","overlay-gradient":""},"mobile":{"background-color":"","background-image":"","background-repeat":"repeat","background-position":"center center","background-size":"auto","background-attachment":"scroll","background-type":"","background-media":"","overlay-type":"","overlay-color":"","overlay-opacity":"","overlay-gradient":""}},"ast-content-background-meta":{"desktop":{"background-color":"var(--ast-global-color-5)","background-image":"","background-repeat":"repeat","background-position":"center center","background-size":"auto","background-attachment":"scroll","background-type":"","background-media":"","overlay-type":"","overlay-color":"","overlay-opacity":"","overlay-gradient":""},"tablet":{"background-color":"var(--ast-global-color-5)","background-image":"","background-repeat":"repeat","background-position":"center center","background-size":"auto","background-attachment":"scroll","background-type":"","background-media":"","overlay-type":"","overlay-color":"","overlay-opacity":"","overlay-gradient":""},"mobile":{"background-color":"var(--ast-global-color-5)","background-image":"","background-repeat":"repeat","background-position":"center center","background-size":"auto","background-attachment":"scroll","background-type":"","background-media":"","overlay-type":"","overlay-color":"","overlay-opacity":"","overlay-gradient":""}},"footnotes":""},"class_list":["post-33","page","type-page","status-publish","has-post-thumbnail","hentry"],"acf":[],"yoast_head":"<!-- This site is optimized with the Yoast SEO Premium plugin v26.8 (Yoast SEO v26.8) - https:\/\/yoast.com\/product\/yoast-seo-premium-wordpress\/ -->\n<title>Machine Rebuilds | Pearson Packaging<\/title>\n<meta name=\"description\" content=\"If your secondary packaging machine is worn but still has many potential years, contact us for a rebuild. Learn more about equipment rebuilds.\" \/>\n<meta name=\"robots\" content=\"index, follow, max-snippet:-1, max-image-preview:large, max-video-preview:-1\" \/>\n<link rel=\"canonical\" href=\"https:\/\/pearsonpkg.com\/es\/modifications-and-upgrades\/rebuilds\/\" \/>\n<meta property=\"og:locale\" content=\"es_MX\" \/>\n<meta property=\"og:type\" content=\"article\" \/>\n<meta property=\"og:title\" content=\"Rebuilds\" \/>\n<meta property=\"og:description\" content=\"If your secondary packaging machine is worn but still has many potential years, contact us for a rebuild. Learn more about equipment rebuilds.\" \/>\n<meta property=\"og:url\" content=\"https:\/\/pearsonpkg.com\/es\/modifications-and-upgrades\/rebuilds\/\" \/>\n<meta property=\"og:site_name\" content=\"Pearson Packaging Systems\" \/>\n<meta property=\"article:publisher\" content=\"https:\/\/www.facebook.com\/PearsonPkgSys\" \/>\n<meta property=\"article:modified_time\" content=\"2025-12-09T18:03:46+00:00\" \/>\n<meta property=\"og:image\" content=\"https:\/\/pearsonpkg.com\/wp-content\/uploads\/2020\/01\/Rebuilds-1.jpg\" \/>\n\t<meta property=\"og:image:width\" content=\"2560\" \/>\n\t<meta property=\"og:image:height\" content=\"1089\" \/>\n\t<meta property=\"og:image:type\" content=\"image\/jpeg\" \/>\n<meta name=\"twitter:card\" content=\"summary_large_image\" \/>\n<meta name=\"twitter:site\" content=\"@PearsonPkgSys\" \/>\n<meta name=\"twitter:label1\" content=\"Tiempo de lectura\" \/>\n\t<meta name=\"twitter:data1\" content=\"2 minutos\" \/>\n<script type=\"application\/ld+json\" class=\"yoast-schema-graph\">{\"@context\":\"https:\/\/schema.org\",\"@graph\":[{\"@type\":\"WebPage\",\"@id\":\"https:\/\/pearsonpkg.com\/es\/modifications-and-upgrades\/rebuilds\/\",\"url\":\"https:\/\/pearsonpkg.com\/es\/modifications-and-upgrades\/rebuilds\/\",\"name\":\"Machine Rebuilds | Pearson Packaging\",\"isPartOf\":{\"@id\":\"https:\/\/pearsonpkg.com\/es\/#website\"},\"primaryImageOfPage\":{\"@id\":\"https:\/\/pearsonpkg.com\/es\/modifications-and-upgrades\/rebuilds\/#primaryimage\"},\"image\":{\"@id\":\"https:\/\/pearsonpkg.com\/es\/modifications-and-upgrades\/rebuilds\/#primaryimage\"},\"thumbnailUrl\":\"https:\/\/pearsonpkg.com\/wp-content\/uploads\/2020\/01\/Rebuilds-1.jpg\",\"datePublished\":\"2019-07-01T21:58:44+00:00\",\"dateModified\":\"2025-12-09T18:03:46+00:00\",\"description\":\"If your secondary packaging machine is worn but still has many potential years, contact us for a rebuild. Learn more about equipment rebuilds.\",\"breadcrumb\":{\"@id\":\"https:\/\/pearsonpkg.com\/es\/modifications-and-upgrades\/rebuilds\/#breadcrumb\"},\"inLanguage\":\"es\",\"potentialAction\":[{\"@type\":\"ReadAction\",\"target\":[\"https:\/\/pearsonpkg.com\/es\/modifications-and-upgrades\/rebuilds\/\"]}]},{\"@type\":\"ImageObject\",\"inLanguage\":\"es\",\"@id\":\"https:\/\/pearsonpkg.com\/es\/modifications-and-upgrades\/rebuilds\/#primaryimage\",\"url\":\"https:\/\/pearsonpkg.com\/wp-content\/uploads\/2020\/01\/Rebuilds-1.jpg\",\"contentUrl\":\"https:\/\/pearsonpkg.com\/wp-content\/uploads\/2020\/01\/Rebuilds-1.jpg\",\"width\":2560,\"height\":1089,\"caption\":\"Rebuilds 1\"},{\"@type\":\"BreadcrumbList\",\"@id\":\"https:\/\/pearsonpkg.com\/es\/modifications-and-upgrades\/rebuilds\/#breadcrumb\",\"itemListElement\":[{\"@type\":\"ListItem\",\"position\":1,\"name\":\"Home\",\"item\":\"https:\/\/pearsonpkg.com\/\"},{\"@type\":\"ListItem\",\"position\":2,\"name\":\"Modifications and Upgrades\",\"item\":\"https:\/\/pearsonpkg.com\/es\/packaging-machinery\/modifications-and-upgrades\/\"},{\"@type\":\"ListItem\",\"position\":3,\"name\":\"Rebuilds\"}]},{\"@type\":\"WebSite\",\"@id\":\"https:\/\/pearsonpkg.com\/es\/#website\",\"url\":\"https:\/\/pearsonpkg.com\/es\/\",\"name\":\"Pearson Packaging Systems\",\"description\":\"\",\"publisher\":{\"@id\":\"https:\/\/pearsonpkg.com\/es\/#organization\"},\"potentialAction\":[{\"@type\":\"SearchAction\",\"target\":{\"@type\":\"EntryPoint\",\"urlTemplate\":\"https:\/\/pearsonpkg.com\/es\/?s={search_term_string}\"},\"query-input\":{\"@type\":\"PropertyValueSpecification\",\"valueRequired\":true,\"valueName\":\"search_term_string\"}}],\"inLanguage\":\"es\"},{\"@type\":\"Organization\",\"@id\":\"https:\/\/pearsonpkg.com\/es\/#organization\",\"name\":\"Pearson Packaging Systems\",\"url\":\"https:\/\/pearsonpkg.com\/es\/\",\"logo\":{\"@type\":\"ImageObject\",\"inLanguage\":\"es\",\"@id\":\"https:\/\/pearsonpkg.com\/es\/#\/schema\/logo\/image\/\",\"url\":\"https:\/\/pearsonpkg.com\/wp-content\/uploads\/2019\/11\/logo_PearsonPackaging.png\",\"contentUrl\":\"https:\/\/pearsonpkg.com\/wp-content\/uploads\/2019\/11\/logo_PearsonPackaging.png\",\"width\":544,\"height\":150,\"caption\":\"Pearson Packaging Systems\"},\"image\":{\"@id\":\"https:\/\/pearsonpkg.com\/es\/#\/schema\/logo\/image\/\"},\"sameAs\":[\"https:\/\/www.facebook.com\/PearsonPkgSys\",\"https:\/\/x.com\/PearsonPkgSys\",\"https:\/\/www.linkedin.com\/company\/pearson-packaging-systems\/\",\"https:\/\/www.youtube.com\/user\/PearsonPkg\"]}]}<\/script>\n<!-- \/ Yoast SEO Premium plugin. -->","yoast_head_json":{"title":"Machine Rebuilds | Pearson Packaging","description":"If your secondary packaging machine is worn but still has many potential years, contact us for a rebuild. Learn more about equipment rebuilds.","robots":{"index":"index","follow":"follow","max-snippet":"max-snippet:-1","max-image-preview":"max-image-preview:large","max-video-preview":"max-video-preview:-1"},"canonical":"https:\/\/pearsonpkg.com\/es\/modifications-and-upgrades\/rebuilds\/","og_locale":"es_MX","og_type":"article","og_title":"Rebuilds","og_description":"If your secondary packaging machine is worn but still has many potential years, contact us for a rebuild. Learn more about equipment rebuilds.","og_url":"https:\/\/pearsonpkg.com\/es\/modifications-and-upgrades\/rebuilds\/","og_site_name":"Pearson Packaging Systems","article_publisher":"https:\/\/www.facebook.com\/PearsonPkgSys","article_modified_time":"2025-12-09T18:03:46+00:00","og_image":[{"width":2560,"height":1089,"url":"https:\/\/pearsonpkg.com\/wp-content\/uploads\/2020\/01\/Rebuilds-1.jpg","type":"image\/jpeg"}],"twitter_card":"summary_large_image","twitter_site":"@PearsonPkgSys","twitter_misc":{"Tiempo de lectura":"2 minutos"},"schema":{"@context":"https:\/\/schema.org","@graph":[{"@type":"WebPage","@id":"https:\/\/pearsonpkg.com\/es\/modifications-and-upgrades\/rebuilds\/","url":"https:\/\/pearsonpkg.com\/es\/modifications-and-upgrades\/rebuilds\/","name":"Machine Rebuilds | Pearson Packaging","isPartOf":{"@id":"https:\/\/pearsonpkg.com\/es\/#website"},"primaryImageOfPage":{"@id":"https:\/\/pearsonpkg.com\/es\/modifications-and-upgrades\/rebuilds\/#primaryimage"},"image":{"@id":"https:\/\/pearsonpkg.com\/es\/modifications-and-upgrades\/rebuilds\/#primaryimage"},"thumbnailUrl":"https:\/\/pearsonpkg.com\/wp-content\/uploads\/2020\/01\/Rebuilds-1.jpg","datePublished":"2019-07-01T21:58:44+00:00","dateModified":"2025-12-09T18:03:46+00:00","description":"If your secondary packaging machine is worn but still has many potential years, contact us for a rebuild. Learn more about equipment rebuilds.","breadcrumb":{"@id":"https:\/\/pearsonpkg.com\/es\/modifications-and-upgrades\/rebuilds\/#breadcrumb"},"inLanguage":"es","potentialAction":[{"@type":"ReadAction","target":["https:\/\/pearsonpkg.com\/es\/modifications-and-upgrades\/rebuilds\/"]}]},{"@type":"ImageObject","inLanguage":"es","@id":"https:\/\/pearsonpkg.com\/es\/modifications-and-upgrades\/rebuilds\/#primaryimage","url":"https:\/\/pearsonpkg.com\/wp-content\/uploads\/2020\/01\/Rebuilds-1.jpg","contentUrl":"https:\/\/pearsonpkg.com\/wp-content\/uploads\/2020\/01\/Rebuilds-1.jpg","width":2560,"height":1089,"caption":"Rebuilds 1"},{"@type":"BreadcrumbList","@id":"https:\/\/pearsonpkg.com\/es\/modifications-and-upgrades\/rebuilds\/#breadcrumb","itemListElement":[{"@type":"ListItem","position":1,"name":"Home","item":"https:\/\/pearsonpkg.com\/"},{"@type":"ListItem","position":2,"name":"Modifications and Upgrades","item":"https:\/\/pearsonpkg.com\/es\/packaging-machinery\/modifications-and-upgrades\/"},{"@type":"ListItem","position":3,"name":"Rebuilds"}]},{"@type":"WebSite","@id":"https:\/\/pearsonpkg.com\/es\/#website","url":"https:\/\/pearsonpkg.com\/es\/","name":"Sistemas de embalaje de Pearson","description":"","publisher":{"@id":"https:\/\/pearsonpkg.com\/es\/#organization"},"potentialAction":[{"@type":"SearchAction","target":{"@type":"EntryPoint","urlTemplate":"https:\/\/pearsonpkg.com\/es\/?s={search_term_string}"},"query-input":{"@type":"PropertyValueSpecification","valueRequired":true,"valueName":"search_term_string"}}],"inLanguage":"es"},{"@type":"Organization","@id":"https:\/\/pearsonpkg.com\/es\/#organization","name":"Sistemas de embalaje de Pearson","url":"https:\/\/pearsonpkg.com\/es\/","logo":{"@type":"ImageObject","inLanguage":"es","@id":"https:\/\/pearsonpkg.com\/es\/#\/schema\/logo\/image\/","url":"https:\/\/pearsonpkg.com\/wp-content\/uploads\/2019\/11\/logo_PearsonPackaging.png","contentUrl":"https:\/\/pearsonpkg.com\/wp-content\/uploads\/2019\/11\/logo_PearsonPackaging.png","width":544,"height":150,"caption":"Pearson Packaging Systems"},"image":{"@id":"https:\/\/pearsonpkg.com\/es\/#\/schema\/logo\/image\/"},"sameAs":["https:\/\/www.facebook.com\/PearsonPkgSys","https:\/\/x.com\/PearsonPkgSys","https:\/\/www.linkedin.com\/company\/pearson-packaging-systems\/","https:\/\/www.youtube.com\/user\/PearsonPkg"]}]}},"_links":{"self":[{"href":"https:\/\/pearsonpkg.com\/es\/wp-json\/wp\/v2\/pages\/33","targetHints":{"allow":["GET"]}}],"collection":[{"href":"https:\/\/pearsonpkg.com\/es\/wp-json\/wp\/v2\/pages"}],"about":[{"href":"https:\/\/pearsonpkg.com\/es\/wp-json\/wp\/v2\/types\/page"}],"author":[{"embeddable":true,"href":"https:\/\/pearsonpkg.com\/es\/wp-json\/wp\/v2\/users\/3"}],"replies":[{"embeddable":true,"href":"https:\/\/pearsonpkg.com\/es\/wp-json\/wp\/v2\/comments?post=33"}],"version-history":[{"count":0,"href":"https:\/\/pearsonpkg.com\/es\/wp-json\/wp\/v2\/pages\/33\/revisions"}],"up":[{"embeddable":true,"href":"https:\/\/pearsonpkg.com\/es\/wp-json\/wp\/v2\/pages\/23"}],"wp:featuredmedia":[{"embeddable":true,"href":"https:\/\/pearsonpkg.com\/es\/wp-json\/wp\/v2\/media\/2232"}],"wp:attachment":[{"href":"https:\/\/pearsonpkg.com\/es\/wp-json\/wp\/v2\/media?parent=33"}],"curies":[{"name":"wp","href":"https:\/\/api.w.org\/{rel}","templated":true}]}}