{"id":3265,"date":"2020-10-13T13:14:03","date_gmt":"2020-10-13T20:14:03","guid":{"rendered":"https:\/\/pearsonpkg.com\/?page_id=3265"},"modified":"2025-12-09T09:42:30","modified_gmt":"2025-12-09T17:42:30","slug":"food-and-beverage-industry","status":"publish","type":"page","link":"https:\/\/pearsonpkg.com\/es\/food-and-beverage-industry\/","title":{"rendered":"Industria de Alimentos y Bebidas"},"content":{"rendered":"<h2>\n\t\tEnvases secundarios en la industria de alimentos y bebidas\n\t<\/h2>\n\t\t\t<a href=\"https:\/\/pearsonpkg.com\/es\/contact\/\" target=\"_self\" rel=\"noopener\">\n\t\t\t\t\t\t\tFind a Custom Packaging Solution\n\t\t\t\t\t<\/a>\n\t<p>Todo comenz\u00f3 para nosotros hace m\u00e1s de 65 a\u00f1os en el mercado de alimentos y bebidas, y todav\u00eda hoy este sector se encuentra entre las \u00e1reas de enfoque m\u00e1s importantes para Pearson Packaging Systems. Como proveedor de soluciones automatizadas de empaque secundario, nuestro enfoque siempre ha sido ayudarlo a:<\/p>\n\t<p>&nbsp;<\/p>\n<ul>\n<li>Cumplir con los objetivos de rendimiento<\/li>\n<li>Controle los costos de la cadena de suministro<\/li>\n<li>Lleve los productos de manera segura a las tiendas minoristas de todo el pa\u00eds<\/li>\n<li>Y finalmente en manos de sus clientes finales<\/li>\n<\/ul>\n<p>Over the years, the food and beverage industry has been impacted by several fundamental influences to accelerate the adoption of automation, specifically at the end of the line in secondary packaging. \u00a0Strong market influences have also increased the need for flexibility and advanced support features offered by these packaging machines.<\/p>\n<p>&nbsp;<\/p>\n\t\n\t\t\t\t<img loading=\"lazy\" decoding=\"async\" src=\"https:\/\/pearsonpkg.com\/wp-content\/uploads\/2020\/10\/Rolls.jpg\" alt=\"Rolls\" itemprop=\"image\" height=\"1074\" width=\"1629\" title=\"rollos\" onerror=\"this.style.display='none'\"  \/>\n\t<h2>Mayor necesidad de automatizaci\u00f3n<\/h2>\n<p>One of the most prevalent challenges to the food and beverage industry is the\u00a0availability of labor. Manufacturing as a whole is dealing with a shortage of workers and the food and beverage industry is particularly affected. America&#8217;s working-age population is declining and immigrant workers who traditionally provided much of the food industry&#8217;s workforce are facing an adverse political climate. Not to mention the often unpleasant work environment of many food and beverage processing plants is unattractive to young people, marked by noise, extreme temperatures or strong odors. The lack of available labor is consequently reducing the general level of skill that manufacturers must source from. Frequent turnover and increased injuries intensify the need for investment in training, all the while minimum wages are rising. Yet industry margins are small and the pressure to keep product prices and production cost down is strong.<\/p>\n<p>La automatizaci\u00f3n reduce muchas de las tensiones experimentadas por la industria de fabricaci\u00f3n de alimentos y bebidas. El empaque secundario, capaz durante mucho tiempo de mantener una mano de obra manual barata, ahora se est\u00e1 poniendo al d\u00eda con la implementaci\u00f3n de equipos de empaque automatizados. El empaquetado automatizado aumenta la eficiencia, reduce los costos y disminuye la exposici\u00f3n innecesaria a la vulnerabilidad de un mercado laboral m\u00e1s ajustado y sus costos y riesgos asociados. Pearson Packaging Systems se encuentra en una posici\u00f3n \u00fanica para respaldar a la industria de alimentos y bebidas como proveedor \u00fanico de equipos de envasado de final de l\u00ednea y sistemas llave en mano. Nuestra cartera aborda la formaci\u00f3n de cajas, el embalaje, el cierre y el paletizado. Para los sistemas llave en mano, contamos con un grupo de integraci\u00f3n con experiencia especializada y capacidad de gesti\u00f3n de proyectos a gran escala.<\/p>\n\t<h2><b>Mayor necesidad de flexibilidad en los equipos de envasado<\/b><\/h2>\n<p>Los puntos de venta minorista, desde clubes de almacenes de venta al por mayor hasta tiendas de conveniencia a peque\u00f1a escala, exigen estilos de caja y patrones de empaque que se ajusten a su modelo comercial. Adem\u00e1s, los minoristas transfieren cada vez m\u00e1s la responsabilidad de la presencia de los productos en los estantes a los fabricantes en un intento por reducir los costos de la cadena de suministro. La introducci\u00f3n de empaques de exhibici\u00f3n listos para la venta al por menor o listos para el estante con patrones de empaque verticales cre\u00f3 obst\u00e1culos \u00fanicos para muchos fabricantes de alimentos. Y si eso no es lo suficientemente desafiante, las preferencias de los consumidores que cambian con frecuencia est\u00e1n obligando a los expertos en marketing de alimentos y bebidas a innovar e interrumpir continuamente. <\/p>\n<p>The resulting proliferation of SKUs has significantly increased the number of changeovers per day or shift. Since every changeover means downtime, fast changeovers with minimal or no human intervention are highly sought after. But the much-needed flexibility doesn&#8217;t stop there. Modern automated lines have to have growth capacity built-in, do more in less space, require less maintenance, and offer remote support capability.<\/p>\n<p>Pearson Packaging Systems comprende los desaf\u00edos que enfrentan los fabricantes de alimentos y bebidas y avanza constantemente en dise\u00f1os de equipos probados mediante la adopci\u00f3n de nuevas tecnolog\u00edas que aumentan la flexibilidad, ofrecen cambios autom\u00e1ticos, reducen el espacio ocupado y brindan soporte de servicio remoto.\u00a0<\/p>\n\t<h2><b>Mayor necesidad de manipular productos flexibles<\/b><\/h2>\n<p>Los clientes son cada vez m\u00e1s conscientes del medio ambiente y exigen una reducci\u00f3n de los residuos de los envases. Esta tendencia, si bien puede ser un desaf\u00edo para los dise\u00f1adores de empaques, complementa los esfuerzos de reducci\u00f3n de costos de materiales de los fabricantes. \u00bfEl resultado? Un gran cambio hacia los envases flexibles.\u00a0<\/p>\n<p>De acuerdo a un <a href=\"https:\/\/www.pmmi.org\/report\/2019-flexible-packaging-market-assessment\">Evaluaci\u00f3n de mercado de 2019 de PMMI<\/a> 19 percent of the overall packaging market consists of flexible packaging. The same report stated that by 2023, this format will grow at a 3.9 percent compound annual growth rate (CAGR).\u00a0The food and beverage industry features the highest rate of end-use flexible packaging utilization, implementing\u00a0<a href=\"https:\/\/www.packagingstrategies.com\/articles\/95028-the-future-of-flexible-packaging\">casi la mitad de todos los envases flexibles<\/a>.<\/p>\n<p>El empaque flexible tiene caracter\u00edsticas \u00fanicas que incluyen la plasticidad del material y el producto, las formas individuales del producto y el brillo y reflejo de la envoltura de pl\u00e1stico.\u00a0<\/p>\n<p>Pearson Packaging Systems se ocupa exclusivamente de las aplicaciones de embalaje de carga superior, que se presta de manera \u00fanica a la carga flexible de productos que no se pueden empujar ni cuadrar sin sufrir da\u00f1os. Durante m\u00e1s de 30 a\u00f1os, Pearson ha desarrollado una amplia experiencia en el manejo flexible de productos utilizando la rob\u00f3tica y la visi\u00f3n y el seguimiento de l\u00edneas para seleccionar y colocar suavemente los productos para lograr incluso patrones de empaque desafiantes, como el intercalado y el shingling.\u00a0\u00a0<\/p>\n<h2>\n\t\tLa soluci\u00f3n de Pearson\n\t<\/h2>\n\t<p>Los principales fabricantes de alimentos y bebidas eligen Pearson Packaging Systems para beneficiarse de:<\/p>\n<ul>\n<li><b>Interfaces hombre-m\u00e1quina (HMI) optimizadas para el usuario:<\/b>\u00a0Para que su interacci\u00f3n con su l\u00ednea de empaque sea lo m\u00e1s intuitiva posible, las m\u00e1quinas Pearson cuentan con HMI con dise\u00f1o centrado en el usuario (UCD). Estas HMI avanzadas mejoran la facilidad de uso a trav\u00e9s de un dise\u00f1o sencillo, gu\u00edas interactivas, funciones de mantenimiento avanzadas y una navegaci\u00f3n sencilla.<\/li>\n<li><b>Amplia experiencia y formaci\u00f3n en el sector:\u00a0<\/b>Las soluciones de Pearson se basan en 65 a\u00f1os de montaje, empaque y sellado de equipos y 30 a\u00f1os de historia de integraci\u00f3n rob\u00f3tica. Pearson es un proveedor de servicios certificado de FANUC con una amplia capacitaci\u00f3n en el servicio de robots de FANUC.<\/li>\n<li><b>Plazos de entrega y servicio al cliente de primer nivel:<\/b>\u00a0Puede esperar tiempos de entrega r\u00e1pidos de Pearson que promuevan una entrega m\u00e1s r\u00e1pida y ciclos de pago inicial m\u00e1s cortos. Algunos equipos est\u00e1n disponibles en tan solo 30 d\u00edas. Su equipo de soporte t\u00e9cnico de Pearson est\u00e1 disponible las 24 horas del d\u00eda, los 7 d\u00edas de la semana para brindar soporte de servicio en vivo.<\/li>\n<li><b>Apoyo continuo:<\/b>\u00a0Durante la fase de construcci\u00f3n, sus gerentes de proyecto ofrecer\u00e1n visibilidad continua para garantizar que se cumpla con su presupuesto y cronograma. A lo largo de su experiencia con Pearson, cuente con el apoyo dedicado de nuestro equipo de ventas, posventa y servicio t\u00e9cnico.<\/li>\n<\/ul>\n<h2>\n\t\tRecursos\n\t<\/h2>\n\t\t\t\t\t<a href=\"https:\/\/youtu.be\/DN-GUStveFM\" aria-label=\"uabb-video-galeria\" data-fancybox=\"uabb-video-gallery\" data-url=\"https:\/\/www.youtube.com\/embed\/?autoplay=1&#038;version=3&#038;enablejsapi=1\"class=\"uabb-video-gallery-fancybox uabb-vg__play_full\">\t\t\t\t\t\t\n\t\t\t\t\t\t\t\t\t\t<h4>Food &#038; Beverage Market<\/h4>\n\t\t\t\t\t<\/a>\t\t\t\t\n<h2>\n\t\tEquipos de embalaje flexible de Pearson\n\t<\/h2>\n<h3>\n\t\tFormar\n\t<\/h3>\n\t\t\t\t<img loading=\"lazy\" decoding=\"async\" src=\"https:\/\/pearsonpkg.com\/wp-content\/uploads\/2019\/07\/erect-icon.png\" alt=\"erect icon\" itemprop=\"image\" height=\"95\" width=\"93\" title=\"icono erecto\" onerror=\"this.style.display='none'\"  \/>\n\t\t\t<a href=\"https:\/\/pearsonpkg.com\/es\/equipment\/erect\/case-erector\/\" target=\"_self\" rel=\"noopener\">\n\t\t\t\t\t\tFormadora de cajas\n\t\t\t\t\t<\/a>\n\t\t\t<a href=\"https:\/\/pearsonpkg.com\/es\/equipment\/erect\/bliss-former\/\" target=\"_self\" rel=\"noopener\">\n\t\t\t\t\t\tArmadora de Cajas Bliss\n\t\t\t\t\t<\/a>\n<h3>\n\t\tEmpacar\n\t<\/h3>\n\t\t\t\t<img loading=\"lazy\" decoding=\"async\" src=\"https:\/\/pearsonpkg.com\/wp-content\/uploads\/2019\/07\/pack-icon.png\" alt=\"pack icon\" itemprop=\"image\" height=\"94\" width=\"93\" title=\"icono de paquete\" onerror=\"this.style.display='none'\"  \/>\n\t\t\t<a href=\"https:\/\/pearsonpkg.com\/es\/equipment\/pack\/custom-robotic-top-loader\/\" target=\"_self\" rel=\"noopener\">\n\t\t\t\t\t\tempacadora de cajas\n\t\t\t\t\t<\/a>\n\t\t\t<a href=\"https:\/\/pearsonpkg.com\/es\/equipment\/pack\/bulk-pack\/\" target=\"_self\" rel=\"noopener\">\n\t\t\t\t\t\tEmpacadora a granel\n\t\t\t\t\t<\/a>\n\t\t\t<a href=\"https:\/\/pearsonpkg.com\/es\/equipment\/pack\/robotic-partition-inserter\/\" target=\"_self\" rel=\"noopener\">\n\t\t\t\t\t\tInsertadora de divisiones rob\u00f3tica\n\t\t\t\t\t<\/a>\n<h3>\n\t\tSellar\n\t<\/h3>\n\t\t\t\t<img loading=\"lazy\" decoding=\"async\" src=\"https:\/\/pearsonpkg.com\/wp-content\/uploads\/2019\/07\/seal-icon.png\" alt=\"seal icon\" itemprop=\"image\" height=\"94\" width=\"93\" title=\"icono de sello\" onerror=\"this.style.display='none'\"  \/>\n\t\t\t<a href=\"https:\/\/pearsonpkg.com\/es\/equipment\/seal\/case-sealer\/\" target=\"_self\" rel=\"noopener\">\n\t\t\t\t\t\tSelladora de cajas y Bliss\n\t\t\t\t\t<\/a>\n<h3>\n\t\tPaletizar\n\t<\/h3>\n\t\t\t\t<img loading=\"lazy\" decoding=\"async\" src=\"https:\/\/pearsonpkg.com\/wp-content\/uploads\/2019\/07\/palletize-icon.png\" alt=\"palletize icon\" itemprop=\"image\" height=\"95\" width=\"93\" title=\"paletizar icono\" onerror=\"this.style.display='none'\"  \/>\n\t\t\t<a href=\"https:\/\/pearsonpkg.com\/es\/equipment\/palletize\/standard-robotic-palletizer\/\" target=\"_self\" rel=\"noopener\">\n\t\t\t\t\t\tPaletizadora rob\u00f3tica est\u00e1ndar\n\t\t\t\t\t<\/a>\n\t\t\t<a href=\"https:\/\/pearsonpkg.com\/es\/equipment\/palletize\/custom-robotic-palletizer-depalletizer\/\" target=\"_self\" rel=\"noopener\">\n\t\t\t\t\t\tPaletizadora Rob\u00f3tica Configurable\n\t\t\t\t\t<\/a>\n\t\t\t<a href=\"https:\/\/pearsonpkg.com\/es\/packaging-machinery\/equipment\/robotic-depalletizer\/\" target=\"_self\" rel=\"noopener\">\n\t\t\t\t\t\tDespaletizadora rob\u00f3tica configurable\n\t\t\t\t\t<\/a>","protected":false},"excerpt":{"rendered":"<p>Secondary Packaging in the Food and Beverage Industry Find a Custom Packaging Solution It all began for us over 65 years ago in the food and beverage market, and still today this sector is amongst the biggest focus areas for Pearson Packaging Systems. As a provider of automated secondary packaging solutions, our focus has always [&hellip;]<\/p>","protected":false},"author":5,"featured_media":3268,"parent":0,"menu_order":0,"comment_status":"closed","ping_status":"closed","template":"","meta":{"_acf_changed":true,"_eb_attr":"","site-sidebar-layout":"default","site-content-layout":"default","ast-site-content-layout":"default","site-content-style":"default","site-sidebar-style":"default","ast-global-header-display":"","ast-banner-title-visibility":"","ast-main-header-display":"","ast-hfb-above-header-display":"","ast-hfb-below-header-display":"","ast-hfb-mobile-header-display":"","site-post-title":"","ast-breadcrumbs-content":"","ast-featured-img":"disabled","footer-sml-layout":"","ast-disable-related-posts":"","theme-transparent-header-meta":"default","adv-header-id-meta":"","stick-header-meta":"","header-above-stick-meta":"","header-main-stick-meta":"","header-below-stick-meta":"","astra-migrate-meta-layouts":"set","ast-page-background-enabled":"default","ast-page-background-meta":{"desktop":{"background-color":"","background-image":"","background-repeat":"repeat","background-position":"center center","background-size":"auto","background-attachment":"scroll","background-type":"","background-media":"","overlay-type":"","overlay-color":"","overlay-opacity":"","overlay-gradient":""},"tablet":{"background-color":"","background-image":"","background-repeat":"repeat","background-position":"center center","background-size":"auto","background-attachment":"scroll","background-type":"","background-media":"","overlay-type":"","overlay-color":"","overlay-opacity":"","overlay-gradient":""},"mobile":{"background-color":"","background-image":"","background-repeat":"repeat","background-position":"center center","background-size":"auto","background-attachment":"scroll","background-type":"","background-media":"","overlay-type":"","overlay-color":"","overlay-opacity":"","overlay-gradient":""}},"ast-content-background-meta":{"desktop":{"background-color":"var(--ast-global-color-5)","background-image":"","background-repeat":"repeat","background-position":"center center","background-size":"auto","background-attachment":"scroll","background-type":"","background-media":"","overlay-type":"","overlay-color":"","overlay-opacity":"","overlay-gradient":""},"tablet":{"background-color":"var(--ast-global-color-5)","background-image":"","background-repeat":"repeat","background-position":"center center","background-size":"auto","background-attachment":"scroll","background-type":"","background-media":"","overlay-type":"","overlay-color":"","overlay-opacity":"","overlay-gradient":""},"mobile":{"background-color":"var(--ast-global-color-5)","background-image":"","background-repeat":"repeat","background-position":"center center","background-size":"auto","background-attachment":"scroll","background-type":"","background-media":"","overlay-type":"","overlay-color":"","overlay-opacity":"","overlay-gradient":""}},"footnotes":""},"class_list":["post-3265","page","type-page","status-publish","has-post-thumbnail","hentry"],"acf":[],"yoast_head":"<!-- This site is optimized with the Yoast SEO Premium plugin v26.8 (Yoast SEO v26.8) - https:\/\/yoast.com\/product\/yoast-seo-premium-wordpress\/ -->\n<title>Food and Beverage Industry | Pearson Packaging Systems<\/title>\n<meta name=\"description\" content=\"High-volume food and beverage producers have long relied on Pearson Packaging equipment. Keep your products safe during transport and distribution.\" \/>\n<meta name=\"robots\" content=\"index, follow, max-snippet:-1, max-image-preview:large, max-video-preview:-1\" \/>\n<link rel=\"canonical\" href=\"https:\/\/pearsonpkg.com\/es\/food-and-beverage-industry\/\" \/>\n<meta property=\"og:locale\" content=\"es_MX\" \/>\n<meta property=\"og:type\" content=\"article\" \/>\n<meta property=\"og:title\" content=\"Food and Beverage Industry\" \/>\n<meta property=\"og:description\" content=\"High-volume food and beverage producers have long relied on Pearson Packaging equipment. Keep your products safe during transport and distribution.\" \/>\n<meta property=\"og:url\" content=\"https:\/\/pearsonpkg.com\/es\/food-and-beverage-industry\/\" \/>\n<meta property=\"og:site_name\" content=\"Pearson Packaging Systems\" \/>\n<meta property=\"article:publisher\" content=\"https:\/\/www.facebook.com\/PearsonPkgSys\" \/>\n<meta property=\"article:modified_time\" content=\"2025-12-09T17:42:30+00:00\" \/>\n<meta property=\"og:image\" content=\"https:\/\/pearsonpkg.com\/wp-content\/uploads\/2020\/10\/PaigeStevensPhotography-JoyCone-074-scaled.jpg\" \/>\n\t<meta property=\"og:image:width\" content=\"2560\" \/>\n\t<meta property=\"og:image:height\" content=\"1709\" \/>\n\t<meta property=\"og:image:type\" content=\"image\/jpeg\" \/>\n<meta name=\"twitter:card\" content=\"summary_large_image\" \/>\n<meta name=\"twitter:site\" content=\"@PearsonPkgSys\" \/>\n<meta name=\"twitter:label1\" content=\"Tiempo de lectura\" \/>\n\t<meta name=\"twitter:data1\" content=\"6 minutos\" \/>\n<script type=\"application\/ld+json\" class=\"yoast-schema-graph\">{\"@context\":\"https:\/\/schema.org\",\"@graph\":[{\"@type\":\"WebPage\",\"@id\":\"https:\/\/pearsonpkg.com\/es\/food-and-beverage-industry\/\",\"url\":\"https:\/\/pearsonpkg.com\/es\/food-and-beverage-industry\/\",\"name\":\"Food and Beverage Industry | Pearson Packaging Systems\",\"isPartOf\":{\"@id\":\"https:\/\/pearsonpkg.com\/es\/#website\"},\"primaryImageOfPage\":{\"@id\":\"https:\/\/pearsonpkg.com\/es\/food-and-beverage-industry\/#primaryimage\"},\"image\":{\"@id\":\"https:\/\/pearsonpkg.com\/es\/food-and-beverage-industry\/#primaryimage\"},\"thumbnailUrl\":\"https:\/\/pearsonpkg.com\/wp-content\/uploads\/2020\/10\/PaigeStevensPhotography-JoyCone-074-scaled.jpg\",\"datePublished\":\"2020-10-13T20:14:03+00:00\",\"dateModified\":\"2025-12-09T17:42:30+00:00\",\"description\":\"High-volume food and beverage producers have long relied on Pearson Packaging equipment. Keep your products safe during transport and distribution.\",\"breadcrumb\":{\"@id\":\"https:\/\/pearsonpkg.com\/es\/food-and-beverage-industry\/#breadcrumb\"},\"inLanguage\":\"es\",\"potentialAction\":[{\"@type\":\"ReadAction\",\"target\":[\"https:\/\/pearsonpkg.com\/es\/food-and-beverage-industry\/\"]}]},{\"@type\":\"ImageObject\",\"inLanguage\":\"es\",\"@id\":\"https:\/\/pearsonpkg.com\/es\/food-and-beverage-industry\/#primaryimage\",\"url\":\"https:\/\/pearsonpkg.com\/wp-content\/uploads\/2020\/10\/PaigeStevensPhotography-JoyCone-074-scaled.jpg\",\"contentUrl\":\"https:\/\/pearsonpkg.com\/wp-content\/uploads\/2020\/10\/PaigeStevensPhotography-JoyCone-074-scaled.jpg\",\"width\":2560,\"height\":1709,\"caption\":\"PaigeStevensPhotography JoyCone 074 scaled\"},{\"@type\":\"BreadcrumbList\",\"@id\":\"https:\/\/pearsonpkg.com\/es\/food-and-beverage-industry\/#breadcrumb\",\"itemListElement\":[{\"@type\":\"ListItem\",\"position\":1,\"name\":\"Home\",\"item\":\"https:\/\/pearsonpkg.com\/\"},{\"@type\":\"ListItem\",\"position\":2,\"name\":\"Food and Beverage Industry\"}]},{\"@type\":\"WebSite\",\"@id\":\"https:\/\/pearsonpkg.com\/es\/#website\",\"url\":\"https:\/\/pearsonpkg.com\/es\/\",\"name\":\"Pearson Packaging Systems\",\"description\":\"\",\"publisher\":{\"@id\":\"https:\/\/pearsonpkg.com\/es\/#organization\"},\"potentialAction\":[{\"@type\":\"SearchAction\",\"target\":{\"@type\":\"EntryPoint\",\"urlTemplate\":\"https:\/\/pearsonpkg.com\/es\/?s={search_term_string}\"},\"query-input\":{\"@type\":\"PropertyValueSpecification\",\"valueRequired\":true,\"valueName\":\"search_term_string\"}}],\"inLanguage\":\"es\"},{\"@type\":\"Organization\",\"@id\":\"https:\/\/pearsonpkg.com\/es\/#organization\",\"name\":\"Pearson Packaging Systems\",\"url\":\"https:\/\/pearsonpkg.com\/es\/\",\"logo\":{\"@type\":\"ImageObject\",\"inLanguage\":\"es\",\"@id\":\"https:\/\/pearsonpkg.com\/es\/#\/schema\/logo\/image\/\",\"url\":\"https:\/\/pearsonpkg.com\/wp-content\/uploads\/2019\/11\/logo_PearsonPackaging.png\",\"contentUrl\":\"https:\/\/pearsonpkg.com\/wp-content\/uploads\/2019\/11\/logo_PearsonPackaging.png\",\"width\":544,\"height\":150,\"caption\":\"Pearson Packaging Systems\"},\"image\":{\"@id\":\"https:\/\/pearsonpkg.com\/es\/#\/schema\/logo\/image\/\"},\"sameAs\":[\"https:\/\/www.facebook.com\/PearsonPkgSys\",\"https:\/\/x.com\/PearsonPkgSys\",\"https:\/\/www.linkedin.com\/company\/pearson-packaging-systems\/\",\"https:\/\/www.youtube.com\/user\/PearsonPkg\"]}]}<\/script>\n<!-- \/ Yoast SEO Premium plugin. -->","yoast_head_json":{"title":"Food and Beverage Industry | Pearson Packaging Systems","description":"High-volume food and beverage producers have long relied on Pearson Packaging equipment. Keep your products safe during transport and distribution.","robots":{"index":"index","follow":"follow","max-snippet":"max-snippet:-1","max-image-preview":"max-image-preview:large","max-video-preview":"max-video-preview:-1"},"canonical":"https:\/\/pearsonpkg.com\/es\/food-and-beverage-industry\/","og_locale":"es_MX","og_type":"article","og_title":"Food and Beverage Industry","og_description":"High-volume food and beverage producers have long relied on Pearson Packaging equipment. Keep your products safe during transport and distribution.","og_url":"https:\/\/pearsonpkg.com\/es\/food-and-beverage-industry\/","og_site_name":"Pearson Packaging Systems","article_publisher":"https:\/\/www.facebook.com\/PearsonPkgSys","article_modified_time":"2025-12-09T17:42:30+00:00","og_image":[{"width":2560,"height":1709,"url":"https:\/\/pearsonpkg.com\/wp-content\/uploads\/2020\/10\/PaigeStevensPhotography-JoyCone-074-scaled.jpg","type":"image\/jpeg"}],"twitter_card":"summary_large_image","twitter_site":"@PearsonPkgSys","twitter_misc":{"Tiempo de lectura":"6 minutos"},"schema":{"@context":"https:\/\/schema.org","@graph":[{"@type":"WebPage","@id":"https:\/\/pearsonpkg.com\/es\/food-and-beverage-industry\/","url":"https:\/\/pearsonpkg.com\/es\/food-and-beverage-industry\/","name":"Food and Beverage Industry | Pearson Packaging Systems","isPartOf":{"@id":"https:\/\/pearsonpkg.com\/es\/#website"},"primaryImageOfPage":{"@id":"https:\/\/pearsonpkg.com\/es\/food-and-beverage-industry\/#primaryimage"},"image":{"@id":"https:\/\/pearsonpkg.com\/es\/food-and-beverage-industry\/#primaryimage"},"thumbnailUrl":"https:\/\/pearsonpkg.com\/wp-content\/uploads\/2020\/10\/PaigeStevensPhotography-JoyCone-074-scaled.jpg","datePublished":"2020-10-13T20:14:03+00:00","dateModified":"2025-12-09T17:42:30+00:00","description":"High-volume food and beverage producers have long relied on Pearson Packaging equipment. Keep your products safe during transport and distribution.","breadcrumb":{"@id":"https:\/\/pearsonpkg.com\/es\/food-and-beverage-industry\/#breadcrumb"},"inLanguage":"es","potentialAction":[{"@type":"ReadAction","target":["https:\/\/pearsonpkg.com\/es\/food-and-beverage-industry\/"]}]},{"@type":"ImageObject","inLanguage":"es","@id":"https:\/\/pearsonpkg.com\/es\/food-and-beverage-industry\/#primaryimage","url":"https:\/\/pearsonpkg.com\/wp-content\/uploads\/2020\/10\/PaigeStevensPhotography-JoyCone-074-scaled.jpg","contentUrl":"https:\/\/pearsonpkg.com\/wp-content\/uploads\/2020\/10\/PaigeStevensPhotography-JoyCone-074-scaled.jpg","width":2560,"height":1709,"caption":"PaigeStevensPhotography JoyCone 074 scaled"},{"@type":"BreadcrumbList","@id":"https:\/\/pearsonpkg.com\/es\/food-and-beverage-industry\/#breadcrumb","itemListElement":[{"@type":"ListItem","position":1,"name":"Home","item":"https:\/\/pearsonpkg.com\/"},{"@type":"ListItem","position":2,"name":"Food and Beverage Industry"}]},{"@type":"WebSite","@id":"https:\/\/pearsonpkg.com\/es\/#website","url":"https:\/\/pearsonpkg.com\/es\/","name":"Sistemas de embalaje de Pearson","description":"","publisher":{"@id":"https:\/\/pearsonpkg.com\/es\/#organization"},"potentialAction":[{"@type":"SearchAction","target":{"@type":"EntryPoint","urlTemplate":"https:\/\/pearsonpkg.com\/es\/?s={search_term_string}"},"query-input":{"@type":"PropertyValueSpecification","valueRequired":true,"valueName":"search_term_string"}}],"inLanguage":"es"},{"@type":"Organization","@id":"https:\/\/pearsonpkg.com\/es\/#organization","name":"Sistemas de embalaje de Pearson","url":"https:\/\/pearsonpkg.com\/es\/","logo":{"@type":"ImageObject","inLanguage":"es","@id":"https:\/\/pearsonpkg.com\/es\/#\/schema\/logo\/image\/","url":"https:\/\/pearsonpkg.com\/wp-content\/uploads\/2019\/11\/logo_PearsonPackaging.png","contentUrl":"https:\/\/pearsonpkg.com\/wp-content\/uploads\/2019\/11\/logo_PearsonPackaging.png","width":544,"height":150,"caption":"Pearson Packaging Systems"},"image":{"@id":"https:\/\/pearsonpkg.com\/es\/#\/schema\/logo\/image\/"},"sameAs":["https:\/\/www.facebook.com\/PearsonPkgSys","https:\/\/x.com\/PearsonPkgSys","https:\/\/www.linkedin.com\/company\/pearson-packaging-systems\/","https:\/\/www.youtube.com\/user\/PearsonPkg"]}]}},"_links":{"self":[{"href":"https:\/\/pearsonpkg.com\/es\/wp-json\/wp\/v2\/pages\/3265","targetHints":{"allow":["GET"]}}],"collection":[{"href":"https:\/\/pearsonpkg.com\/es\/wp-json\/wp\/v2\/pages"}],"about":[{"href":"https:\/\/pearsonpkg.com\/es\/wp-json\/wp\/v2\/types\/page"}],"author":[{"embeddable":true,"href":"https:\/\/pearsonpkg.com\/es\/wp-json\/wp\/v2\/users\/5"}],"replies":[{"embeddable":true,"href":"https:\/\/pearsonpkg.com\/es\/wp-json\/wp\/v2\/comments?post=3265"}],"version-history":[{"count":0,"href":"https:\/\/pearsonpkg.com\/es\/wp-json\/wp\/v2\/pages\/3265\/revisions"}],"wp:featuredmedia":[{"embeddable":true,"href":"https:\/\/pearsonpkg.com\/es\/wp-json\/wp\/v2\/media\/3268"}],"wp:attachment":[{"href":"https:\/\/pearsonpkg.com\/es\/wp-json\/wp\/v2\/media?parent=3265"}],"curies":[{"name":"wp","href":"https:\/\/api.w.org\/{rel}","templated":true}]}}