{"id":1499,"date":"2019-12-06T22:41:17","date_gmt":"2019-12-06T22:41:17","guid":{"rendered":"https:\/\/pearsonpkg.com\/?page_id=1499"},"modified":"2024-11-22T15:51:33","modified_gmt":"2024-11-22T23:51:33","slug":"terms-and-conditions","status":"publish","type":"page","link":"https:\/\/pearsonpkg.com\/es\/terms-and-conditions\/","title":{"rendered":"T\u00e9rminos y condiciones"},"content":{"rendered":"<h3>New Machine Purchase<\/h3>\n\t\t\t\t<a href=\"https:\/\/pearsonpkg.com\/wp-content\/uploads\/2024\/11\/Terms-and-Conditions.pdf\" target=\"_blank\" rel=\"noopener\" itemprop=\"url\">\n\t\t\t\t<img loading=\"lazy\" decoding=\"async\" src=\"https:\/\/pearsonpkg.com\/wp-content\/uploads\/2022\/10\/pdf-file.png\" alt=\"pdf-file\" itemprop=\"image\" height=\"150\" width=\"132\" title=\"pdf-file\" onerror=\"this.style.display='none'\"  \/>\n\t\t\t\t<\/a>\n\t<h3>Aftermarket Purchase<\/h3>\n\t\t\t\t<img loading=\"lazy\" decoding=\"async\" src=\"https:\/\/pearsonpkg.com\/wp-content\/uploads\/2022\/10\/pdf-file.png\" alt=\"pdf-file\" itemprop=\"image\" height=\"150\" width=\"132\" title=\"pdf-file\" onerror=\"this.style.display='none'\"  \/>\n\t<h3>Service Contract<\/h3>\n\t\t\t\t<img loading=\"lazy\" decoding=\"async\" src=\"https:\/\/pearsonpkg.com\/wp-content\/uploads\/2022\/10\/pdf-file.png\" alt=\"pdf-file\" itemprop=\"image\" height=\"150\" width=\"132\" title=\"pdf-file\" onerror=\"this.style.display='none'\"  \/>\n\t<h4><strong>Website Use<\/strong><\/h4>\n<p>\u00daltima actualizaci\u00f3n: 01\/07\/2020<\/p>\n<p>Please read these Terms and Conditions (&#8220;Terms&#8221;, &#8220;Terms and Conditions&#8221;) carefully before using the https:\/\/pearsonpkg.com website (the &#8220;Service&#8221;) operated by Pearson Packaging Systems (&#8220;us&#8221;, &#8220;we&#8221;, or &#8220;our&#8221;).<\/p>\n<p>Su acceso y uso del Servicio est\u00e1 condicionado a su aceptaci\u00f3n y cumplimiento de estos T\u00e9rminos. Estos T\u00e9rminos se aplican a todos los visitantes, usuarios y otras personas que acceden o utilizan el Servicio.<\/p>\n<p>Al acceder o utilizar el Servicio, usted acepta estar sujeto a estos T\u00e9rminos. Si no est\u00e1 de acuerdo con alguna parte de los t\u00e9rminos, no podr\u00e1 acceder al Servicio.<\/p>\n<h5>compras<\/h5>\n<p>If you wish to purchase any product or service made available through the Service (&#8220;Purchase&#8221;), you may be asked to supply certain information relevant to your Purchase including, without limitation, your name, email address, physical or mailing address, and phone number.<\/p>\n<h5>Enlaces a otros sitios web<\/h5>\n<p>Nuestro Servicio puede contener enlaces a sitios web o servicios de terceros que no son propiedad ni est\u00e1n controlados por Pearson Packaging Systems.<\/p>\n<p>Pearson Packaging Systems no tiene control ni asume ninguna responsabilidad por el contenido, las pol\u00edticas de privacidad o las pr\u00e1cticas de los sitios web o servicios de terceros. Adem\u00e1s, reconoce y acepta que Pearson Packaging Systems no ser\u00e1 responsable, directa o indirectamente, de ning\u00fan da\u00f1o o p\u00e9rdida causados o presuntamente causados por o en relaci\u00f3n con el uso o la confianza en dicho contenido, bienes o servicios disponibles en o a trav\u00e9s de dichos sitios web o servicios.<\/p>\n<h5>Cambios<\/h5>\n<p>We reserve the right, at our sole discretion, to modify or replace these Terms at any time. If a revision is material we will try to provide at least 30 days&#8217; notice prior to any new terms taking effect. What constitutes a material change will be determined at our sole discretion.<\/p>\n<h5>Cont\u00e1ctenos<\/h5>\n<p>Si tiene alguna pregunta sobre estos T\u00e9rminos, <a href=\"https:\/\/pearsonpkg.com\/es\/contact\/?department=General\">por favor cont\u00e1ctenos<\/a>.<\/p>","protected":false},"excerpt":{"rendered":"<p>New Machine Purchase Aftermarket Purchase Service Contract Website Use Last updated: 01\/07\/2020 Please read these Terms and Conditions (&#8220;Terms&#8221;, &#8220;Terms and Conditions&#8221;) carefully before using the https:\/\/pearsonpkg.com website (the &#8220;Service&#8221;) operated by Pearson Packaging Systems (&#8220;us&#8221;, &#8220;we&#8221;, or &#8220;our&#8221;). Your access to and use of the Service is conditioned on your acceptance of and compliance [&hellip;]<\/p>","protected":false},"author":4,"featured_media":2121,"parent":0,"menu_order":2,"comment_status":"closed","ping_status":"closed","template":"","meta":{"_acf_changed":false,"_eb_attr":"","site-sidebar-layout":"default","site-content-layout":"default","ast-site-content-layout":"default","site-content-style":"default","site-sidebar-style":"default","ast-global-header-display":"","ast-banner-title-visibility":"","ast-main-header-display":"","ast-hfb-above-header-display":"","ast-hfb-below-header-display":"","ast-hfb-mobile-header-display":"","site-post-title":"","ast-breadcrumbs-content":"","ast-featured-img":"","footer-sml-layout":"","ast-disable-related-posts":"","theme-transparent-header-meta":"default","adv-header-id-meta":"","stick-header-meta":"default","header-above-stick-meta":"","header-main-stick-meta":"","header-below-stick-meta":"","astra-migrate-meta-layouts":"set","ast-page-background-enabled":"default","ast-page-background-meta":{"desktop":{"background-color":"","background-image":"","background-repeat":"repeat","background-position":"center center","background-size":"auto","background-attachment":"scroll","background-type":"","background-media":"","overlay-type":"","overlay-color":"","overlay-opacity":"","overlay-gradient":""},"tablet":{"background-color":"","background-image":"","background-repeat":"repeat","background-position":"center center","background-size":"auto","background-attachment":"scroll","background-type":"","background-media":"","overlay-type":"","overlay-color":"","overlay-opacity":"","overlay-gradient":""},"mobile":{"background-color":"","background-image":"","background-repeat":"repeat","background-position":"center center","background-size":"auto","background-attachment":"scroll","background-type":"","background-media":"","overlay-type":"","overlay-color":"","overlay-opacity":"","overlay-gradient":""}},"ast-content-background-meta":{"desktop":{"background-color":"var(--ast-global-color-5)","background-image":"","background-repeat":"repeat","background-position":"center center","background-size":"auto","background-attachment":"scroll","background-type":"","background-media":"","overlay-type":"","overlay-color":"","overlay-opacity":"","overlay-gradient":""},"tablet":{"background-color":"var(--ast-global-color-5)","background-image":"","background-repeat":"repeat","background-position":"center center","background-size":"auto","background-attachment":"scroll","background-type":"","background-media":"","overlay-type":"","overlay-color":"","overlay-opacity":"","overlay-gradient":""},"mobile":{"background-color":"var(--ast-global-color-5)","background-image":"","background-repeat":"repeat","background-position":"center center","background-size":"auto","background-attachment":"scroll","background-type":"","background-media":"","overlay-type":"","overlay-color":"","overlay-opacity":"","overlay-gradient":""}},"footnotes":""},"class_list":["post-1499","page","type-page","status-publish","has-post-thumbnail","hentry"],"acf":[],"yoast_head":"<!-- This site is optimized with the Yoast SEO Premium plugin v26.8 (Yoast SEO v26.8) - https:\/\/yoast.com\/product\/yoast-seo-premium-wordpress\/ -->\n<title>Terms and Conditions - Pearson Packaging Systems<\/title>\n<meta name=\"robots\" content=\"index, follow, max-snippet:-1, max-image-preview:large, max-video-preview:-1\" \/>\n<link rel=\"canonical\" href=\"https:\/\/pearsonpkg.com\/es\/terms-and-conditions\/\" \/>\n<meta property=\"og:locale\" content=\"es_MX\" \/>\n<meta property=\"og:type\" content=\"article\" \/>\n<meta property=\"og:title\" content=\"Terms and Conditions\" \/>\n<meta property=\"og:description\" content=\"New Machine Purchase Aftermarket Purchase Service Contract Website Use Last updated: 01\/07\/2020 Please read these Terms and Conditions (&#8220;Terms&#8221;, &#8220;Terms and Conditions&#8221;) carefully before using the https:\/\/pearsonpkg.com website (the &#8220;Service&#8221;) operated by Pearson Packaging Systems (&#8220;us&#8221;, &#8220;we&#8221;, or &#8220;our&#8221;). Your access to and use of the Service is conditioned on your acceptance of and compliance [&hellip;]\" \/>\n<meta property=\"og:url\" content=\"https:\/\/pearsonpkg.com\/es\/terms-and-conditions\/\" \/>\n<meta property=\"og:site_name\" content=\"Pearson Packaging Systems\" \/>\n<meta property=\"article:publisher\" content=\"https:\/\/www.facebook.com\/PearsonPkgSys\" \/>\n<meta property=\"article:modified_time\" content=\"2024-11-22T23:51:33+00:00\" \/>\n<meta property=\"og:image\" content=\"https:\/\/pearsonpkg.com\/wp-content\/uploads\/2020\/01\/bg_history_1977.jpg\" \/>\n\t<meta property=\"og:image:width\" content=\"1500\" \/>\n\t<meta property=\"og:image:height\" content=\"1000\" \/>\n\t<meta property=\"og:image:type\" content=\"image\/jpeg\" \/>\n<meta name=\"twitter:card\" content=\"summary_large_image\" \/>\n<meta name=\"twitter:site\" content=\"@PearsonPkgSys\" \/>\n<meta name=\"twitter:label1\" content=\"Tiempo de lectura\" \/>\n\t<meta name=\"twitter:data1\" content=\"2 minutos\" \/>\n<script type=\"application\/ld+json\" class=\"yoast-schema-graph\">{\"@context\":\"https:\/\/schema.org\",\"@graph\":[{\"@type\":\"WebPage\",\"@id\":\"https:\/\/pearsonpkg.com\/es\/terms-and-conditions\/\",\"url\":\"https:\/\/pearsonpkg.com\/es\/terms-and-conditions\/\",\"name\":\"Terms and Conditions - Pearson Packaging Systems\",\"isPartOf\":{\"@id\":\"https:\/\/pearsonpkg.com\/es\/#website\"},\"primaryImageOfPage\":{\"@id\":\"https:\/\/pearsonpkg.com\/es\/terms-and-conditions\/#primaryimage\"},\"image\":{\"@id\":\"https:\/\/pearsonpkg.com\/es\/terms-and-conditions\/#primaryimage\"},\"thumbnailUrl\":\"https:\/\/pearsonpkg.com\/wp-content\/uploads\/2020\/01\/bg_history_1977.jpg\",\"datePublished\":\"2019-12-06T22:41:17+00:00\",\"dateModified\":\"2024-11-22T23:51:33+00:00\",\"breadcrumb\":{\"@id\":\"https:\/\/pearsonpkg.com\/es\/terms-and-conditions\/#breadcrumb\"},\"inLanguage\":\"es\",\"potentialAction\":[{\"@type\":\"ReadAction\",\"target\":[\"https:\/\/pearsonpkg.com\/es\/terms-and-conditions\/\"]}]},{\"@type\":\"ImageObject\",\"inLanguage\":\"es\",\"@id\":\"https:\/\/pearsonpkg.com\/es\/terms-and-conditions\/#primaryimage\",\"url\":\"https:\/\/pearsonpkg.com\/wp-content\/uploads\/2020\/01\/bg_history_1977.jpg\",\"contentUrl\":\"https:\/\/pearsonpkg.com\/wp-content\/uploads\/2020\/01\/bg_history_1977.jpg\",\"width\":1500,\"height\":1000,\"caption\":\"bg history 1977\"},{\"@type\":\"BreadcrumbList\",\"@id\":\"https:\/\/pearsonpkg.com\/es\/terms-and-conditions\/#breadcrumb\",\"itemListElement\":[{\"@type\":\"ListItem\",\"position\":1,\"name\":\"Home\",\"item\":\"https:\/\/pearsonpkg.com\/\"},{\"@type\":\"ListItem\",\"position\":2,\"name\":\"Terms and Conditions\"}]},{\"@type\":\"WebSite\",\"@id\":\"https:\/\/pearsonpkg.com\/es\/#website\",\"url\":\"https:\/\/pearsonpkg.com\/es\/\",\"name\":\"Pearson Packaging Systems\",\"description\":\"\",\"publisher\":{\"@id\":\"https:\/\/pearsonpkg.com\/es\/#organization\"},\"potentialAction\":[{\"@type\":\"SearchAction\",\"target\":{\"@type\":\"EntryPoint\",\"urlTemplate\":\"https:\/\/pearsonpkg.com\/es\/?s={search_term_string}\"},\"query-input\":{\"@type\":\"PropertyValueSpecification\",\"valueRequired\":true,\"valueName\":\"search_term_string\"}}],\"inLanguage\":\"es\"},{\"@type\":\"Organization\",\"@id\":\"https:\/\/pearsonpkg.com\/es\/#organization\",\"name\":\"Pearson Packaging Systems\",\"url\":\"https:\/\/pearsonpkg.com\/es\/\",\"logo\":{\"@type\":\"ImageObject\",\"inLanguage\":\"es\",\"@id\":\"https:\/\/pearsonpkg.com\/es\/#\/schema\/logo\/image\/\",\"url\":\"https:\/\/pearsonpkg.com\/wp-content\/uploads\/2019\/11\/logo_PearsonPackaging.png\",\"contentUrl\":\"https:\/\/pearsonpkg.com\/wp-content\/uploads\/2019\/11\/logo_PearsonPackaging.png\",\"width\":544,\"height\":150,\"caption\":\"Pearson Packaging Systems\"},\"image\":{\"@id\":\"https:\/\/pearsonpkg.com\/es\/#\/schema\/logo\/image\/\"},\"sameAs\":[\"https:\/\/www.facebook.com\/PearsonPkgSys\",\"https:\/\/x.com\/PearsonPkgSys\",\"https:\/\/www.linkedin.com\/company\/pearson-packaging-systems\/\",\"https:\/\/www.youtube.com\/user\/PearsonPkg\"]}]}<\/script>\n<!-- \/ Yoast SEO Premium plugin. -->","yoast_head_json":{"title":"Terms and Conditions - Pearson Packaging Systems","robots":{"index":"index","follow":"follow","max-snippet":"max-snippet:-1","max-image-preview":"max-image-preview:large","max-video-preview":"max-video-preview:-1"},"canonical":"https:\/\/pearsonpkg.com\/es\/terms-and-conditions\/","og_locale":"es_MX","og_type":"article","og_title":"Terms and Conditions","og_description":"New Machine Purchase Aftermarket Purchase Service Contract Website Use Last updated: 01\/07\/2020 Please read these Terms and Conditions (&#8220;Terms&#8221;, &#8220;Terms and Conditions&#8221;) carefully before using the https:\/\/pearsonpkg.com website (the &#8220;Service&#8221;) operated by Pearson Packaging Systems (&#8220;us&#8221;, &#8220;we&#8221;, or &#8220;our&#8221;). Your access to and use of the Service is conditioned on your acceptance of and compliance [&hellip;]","og_url":"https:\/\/pearsonpkg.com\/es\/terms-and-conditions\/","og_site_name":"Pearson Packaging Systems","article_publisher":"https:\/\/www.facebook.com\/PearsonPkgSys","article_modified_time":"2024-11-22T23:51:33+00:00","og_image":[{"width":1500,"height":1000,"url":"https:\/\/pearsonpkg.com\/wp-content\/uploads\/2020\/01\/bg_history_1977.jpg","type":"image\/jpeg"}],"twitter_card":"summary_large_image","twitter_site":"@PearsonPkgSys","twitter_misc":{"Tiempo de lectura":"2 minutos"},"schema":{"@context":"https:\/\/schema.org","@graph":[{"@type":"WebPage","@id":"https:\/\/pearsonpkg.com\/es\/terms-and-conditions\/","url":"https:\/\/pearsonpkg.com\/es\/terms-and-conditions\/","name":"Terms and Conditions - Pearson Packaging Systems","isPartOf":{"@id":"https:\/\/pearsonpkg.com\/es\/#website"},"primaryImageOfPage":{"@id":"https:\/\/pearsonpkg.com\/es\/terms-and-conditions\/#primaryimage"},"image":{"@id":"https:\/\/pearsonpkg.com\/es\/terms-and-conditions\/#primaryimage"},"thumbnailUrl":"https:\/\/pearsonpkg.com\/wp-content\/uploads\/2020\/01\/bg_history_1977.jpg","datePublished":"2019-12-06T22:41:17+00:00","dateModified":"2024-11-22T23:51:33+00:00","breadcrumb":{"@id":"https:\/\/pearsonpkg.com\/es\/terms-and-conditions\/#breadcrumb"},"inLanguage":"es","potentialAction":[{"@type":"ReadAction","target":["https:\/\/pearsonpkg.com\/es\/terms-and-conditions\/"]}]},{"@type":"ImageObject","inLanguage":"es","@id":"https:\/\/pearsonpkg.com\/es\/terms-and-conditions\/#primaryimage","url":"https:\/\/pearsonpkg.com\/wp-content\/uploads\/2020\/01\/bg_history_1977.jpg","contentUrl":"https:\/\/pearsonpkg.com\/wp-content\/uploads\/2020\/01\/bg_history_1977.jpg","width":1500,"height":1000,"caption":"bg history 1977"},{"@type":"BreadcrumbList","@id":"https:\/\/pearsonpkg.com\/es\/terms-and-conditions\/#breadcrumb","itemListElement":[{"@type":"ListItem","position":1,"name":"Home","item":"https:\/\/pearsonpkg.com\/"},{"@type":"ListItem","position":2,"name":"Terms and Conditions"}]},{"@type":"WebSite","@id":"https:\/\/pearsonpkg.com\/es\/#website","url":"https:\/\/pearsonpkg.com\/es\/","name":"Sistemas de embalaje de Pearson","description":"","publisher":{"@id":"https:\/\/pearsonpkg.com\/es\/#organization"},"potentialAction":[{"@type":"SearchAction","target":{"@type":"EntryPoint","urlTemplate":"https:\/\/pearsonpkg.com\/es\/?s={search_term_string}"},"query-input":{"@type":"PropertyValueSpecification","valueRequired":true,"valueName":"search_term_string"}}],"inLanguage":"es"},{"@type":"Organization","@id":"https:\/\/pearsonpkg.com\/es\/#organization","name":"Sistemas de embalaje de Pearson","url":"https:\/\/pearsonpkg.com\/es\/","logo":{"@type":"ImageObject","inLanguage":"es","@id":"https:\/\/pearsonpkg.com\/es\/#\/schema\/logo\/image\/","url":"https:\/\/pearsonpkg.com\/wp-content\/uploads\/2019\/11\/logo_PearsonPackaging.png","contentUrl":"https:\/\/pearsonpkg.com\/wp-content\/uploads\/2019\/11\/logo_PearsonPackaging.png","width":544,"height":150,"caption":"Pearson Packaging Systems"},"image":{"@id":"https:\/\/pearsonpkg.com\/es\/#\/schema\/logo\/image\/"},"sameAs":["https:\/\/www.facebook.com\/PearsonPkgSys","https:\/\/x.com\/PearsonPkgSys","https:\/\/www.linkedin.com\/company\/pearson-packaging-systems\/","https:\/\/www.youtube.com\/user\/PearsonPkg"]}]}},"_links":{"self":[{"href":"https:\/\/pearsonpkg.com\/es\/wp-json\/wp\/v2\/pages\/1499","targetHints":{"allow":["GET"]}}],"collection":[{"href":"https:\/\/pearsonpkg.com\/es\/wp-json\/wp\/v2\/pages"}],"about":[{"href":"https:\/\/pearsonpkg.com\/es\/wp-json\/wp\/v2\/types\/page"}],"author":[{"embeddable":true,"href":"https:\/\/pearsonpkg.com\/es\/wp-json\/wp\/v2\/users\/4"}],"replies":[{"embeddable":true,"href":"https:\/\/pearsonpkg.com\/es\/wp-json\/wp\/v2\/comments?post=1499"}],"version-history":[{"count":0,"href":"https:\/\/pearsonpkg.com\/es\/wp-json\/wp\/v2\/pages\/1499\/revisions"}],"wp:featuredmedia":[{"embeddable":true,"href":"https:\/\/pearsonpkg.com\/es\/wp-json\/wp\/v2\/media\/2121"}],"wp:attachment":[{"href":"https:\/\/pearsonpkg.com\/es\/wp-json\/wp\/v2\/media?parent=1499"}],"curies":[{"name":"wp","href":"https:\/\/api.w.org\/{rel}","templated":true}]}}