{"id":1022,"date":"2019-11-12T01:55:16","date_gmt":"2019-11-12T01:55:16","guid":{"rendered":"https:\/\/pearsonpkg.com\/?page_id=1022"},"modified":"2025-12-09T10:28:07","modified_gmt":"2025-12-09T18:28:07","slug":"partners","status":"publish","type":"page","link":"https:\/\/pearsonpkg.com\/es\/partners\/","title":{"rendered":"Socios"},"content":{"rendered":"<p>Las m\u00e1quinas de alto rendimiento son el resultado de componentes de calidad y aprendizaje y avance continuos. Si bien estamos abiertos a solicitudes especiales de los clientes, estandarizamos con proveedores l\u00edderes en la industria para nuestros componentes y productos integrados. La siguiente lista destaca una selecci\u00f3n de nuestros socios.<\/p>\n<p>Adem\u00e1s, mantenemos una lista de componentes est\u00e1ndar para cada m\u00e1quina para ayudarlo en sus esfuerzos de estandarizaci\u00f3n y administraci\u00f3n de inventario de repuestos. Hable con su gerente de ventas para solicitar la lista de componentes para su m\u00e1quina.<\/p>\n\t\t\t\t<a href=\"https:\/\/www.fanucamerica.com\/\" target=\"_blank\" rel=\"noopener\" itemprop=\"url\">\n\t\t\t\t<img loading=\"lazy\" decoding=\"async\" src=\"https:\/\/pearsonpkg.com\/wp-content\/uploads\/2020\/01\/Partner_Logos_COLOR_FANUC.png\" alt=\"Partner Logos COLOR FANUC\" itemprop=\"image\" height=\"300\" width=\"300\" title=\"Logotipos de socios COLOR FANUC\" onerror=\"this.style.display='none'\">\n\t\t\t\t<\/a>\n<h3>\n\t\tFANUC\n\t<\/h3>\n\t<p>FANUC Corporation es el proveedor l\u00edder de automatizaci\u00f3n rob\u00f3tica en las Am\u00e9ricas. Con capacidades de carga \u00fatil que van desde 0,5 kg hasta 2300 kg, los robots FANUC son ideales para una amplia gama de aplicaciones de recogida, embalaje y paletizaci\u00f3n. La combinaci\u00f3n de robots inteligentes y confiables, una gran experiencia en procesos, software de soporte inteligente y oficinas regionales hacen de FANUC nuestro socio preferido. Pearson ha sido un integrador autorizado de FANUC durante mucho tiempo y se enorgullece de haber alcanzado el m\u00e1s alto nivel de asociaci\u00f3n.<\/p>\n\t\t\t<a href=\"https:\/\/www.fanucamerica.com\/\" target=\"_blank\" role=\"button\" rel=\"noopener\">\n\t\t\t\t\t\t\tVisite FANUC\n\t\t\t\t\t<\/a>\n\t\t\t\t<a href=\"https:\/\/www.rockwellautomation.com\" target=\"_blank\" rel=\"noopener\" itemprop=\"url\">\n\t\t\t\t<img loading=\"lazy\" decoding=\"async\" src=\"https:\/\/pearsonpkg.com\/wp-content\/uploads\/2021\/03\/Gold_OEMPartner_rgb.png\" alt=\"Rockwell Automation OEM Partner\" itemprop=\"image\" height=\"1074\" width=\"2560\" title=\"Gold_OEMSocio\" onerror=\"this.style.display='none'\">\n\t\t\t\t<\/a>\n<h3>\n\t\tAutomatizaci\u00f3n de Rockwell\n\t<\/h3>\n\t<p>As part of Rockwell Automation&#8217;s Partner Network, we are committed to providing the most trusted and innovative solutions to our customers. Allen-Bradley products and Rockwell software solutions are key building blocks of our systems.<\/p>\n\t\t\t<a href=\"https:\/\/www.rockwellautomation.com\" target=\"_blank\" role=\"button\" rel=\"noopener\">\n\t\t\t\t\t\t\tVisite Rockwell Automation\n\t\t\t\t\t<\/a>\n\t\t\t\t<a href=\"https:\/\/www.pmmi.org\/\" target=\"_blank\" rel=\"noopener\" itemprop=\"url\">\n\t\t\t\t<img loading=\"lazy\" decoding=\"async\" src=\"https:\/\/pearsonpkg.com\/wp-content\/uploads\/2021\/06\/PlusOne-01.png\" alt=\"Plus One Robotics\" itemprop=\"image\" height=\"380\" width=\"872\" title=\"Rob\u00f3tica Plus One\" onerror=\"this.style.display='none'\">\n\t\t\t\t<\/a>\n<h3>\n\t\tRob\u00f3tica Plus One\n\t<\/h3>\n\t<p>Plus One Robotics provides advanced AI-powered vision software backed by a human-robot collaboration tool. The combination of PickOne and Yonder enables robotic automation of packaging applications that were previously difficult or impossible to automate. Plus One&#8217;s software addresses non-uniform applications such as depalletizing of mixed pallets and effectively handles exceptions by calling in remote human intervention with a response time of under six seconds.<\/p>\n\t\t\t<a href=\"https:\/\/plusonerobotics.com\/\" target=\"_blank\" role=\"button\" rel=\"noopener\">\n\t\t\t\t\t\t\tVisite Plus One Rob\u00f3tica\n\t\t\t\t\t<\/a>\n\t\t\t\t<a href=\"https:\/\/www.pmmi.org\/\" target=\"_blank\" rel=\"noopener\" itemprop=\"url\">\n\t\t\t\t<img loading=\"lazy\" decoding=\"async\" src=\"https:\/\/pearsonpkg.com\/wp-content\/uploads\/2020\/01\/Partner_Logos_COLOR_PMMI.png\" alt=\"Partner Logos COLOR PMMI\" itemprop=\"image\" height=\"288\" width=\"288\" title=\"Logotipos de socios COLOR PMMI\" onerror=\"this.style.display='none'\">\n\t\t\t\t<\/a>\n<h3>\n\t\tPMMI\n\t<\/h3>\n\t<p>The Association for Packaging and Processing Technology (PMMI) is the primary North American resource for the packaging and processing supply chain. As a long standing member, we utilize the association&#8217;s business intelligence resources, promotional services, and actively support its education and workforce development program.<\/p>\n\t\t\t<a href=\"https:\/\/www.pmmi.org\/\" target=\"_blank\" role=\"button\" rel=\"noopener\">\n\t\t\t\t\t\t\tVisita PMMI\n\t\t\t\t\t<\/a>\n\t\t\t\t<a href=\"https:\/\/www.robotics.org\/\" target=\"_blank\" rel=\"noopener\" itemprop=\"url\">\n\t\t\t\t<img loading=\"lazy\" decoding=\"async\" src=\"https:\/\/pearsonpkg.com\/wp-content\/uploads\/2020\/01\/Partner_Logos_COLOR_RIA.png\" alt=\"Partner Logos COLOR RIA\" itemprop=\"image\" height=\"300\" width=\"300\" title=\"Logotipos de socios COLOR RIA\" onerror=\"this.style.display='none'\">\n\t\t\t\t<\/a>\n<h3>\n\t\tR\u00cdA\n\t<\/h3>\n\t<p>La Asociaci\u00f3n de la Industria Rob\u00f3tica (RIA) promueve el crecimiento de la industria manufacturera a trav\u00e9s de los avances de la rob\u00f3tica y las tecnolog\u00edas relacionadas. Compuesto por varios l\u00edderes en la industria, RIA proporciona una excelente red y plataforma de recursos para integradores rob\u00f3ticos y usuarios finales por igual.<\/p>\n\t\t\t<a href=\"http:\/\/www.robotics.org\/\" target=\"_blank\" role=\"button\" rel=\"noopener\">\n\t\t\t\t\t\t\tVisita RIA\n\t\t\t\t\t<\/a>","protected":false},"excerpt":{"rendered":"<p>High-performing machines are the result of quality components and ongoing learning and advancement. While we are open to special customer requests, we standardize on industry-leading suppliers for our components and integrated products. The below list highlights a selection of our partners. In addition, we maintain a standard component list for each machine to help your [&hellip;]<\/p>","protected":false},"author":4,"featured_media":2167,"parent":1008,"menu_order":4,"comment_status":"closed","ping_status":"closed","template":"","meta":{"_acf_changed":true,"_eb_attr":"","site-sidebar-layout":"default","site-content-layout":"default","ast-site-content-layout":"default","site-content-style":"default","site-sidebar-style":"default","ast-global-header-display":"","ast-banner-title-visibility":"","ast-main-header-display":"","ast-hfb-above-header-display":"","ast-hfb-below-header-display":"","ast-hfb-mobile-header-display":"","site-post-title":"","ast-breadcrumbs-content":"","ast-featured-img":"","footer-sml-layout":"","ast-disable-related-posts":"","theme-transparent-header-meta":"default","adv-header-id-meta":"","stick-header-meta":"default","header-above-stick-meta":"","header-main-stick-meta":"","header-below-stick-meta":"","astra-migrate-meta-layouts":"set","ast-page-background-enabled":"default","ast-page-background-meta":{"desktop":{"background-color":"","background-image":"","background-repeat":"repeat","background-position":"center center","background-size":"auto","background-attachment":"scroll","background-type":"","background-media":"","overlay-type":"","overlay-color":"","overlay-opacity":"","overlay-gradient":""},"tablet":{"background-color":"","background-image":"","background-repeat":"repeat","background-position":"center center","background-size":"auto","background-attachment":"scroll","background-type":"","background-media":"","overlay-type":"","overlay-color":"","overlay-opacity":"","overlay-gradient":""},"mobile":{"background-color":"","background-image":"","background-repeat":"repeat","background-position":"center center","background-size":"auto","background-attachment":"scroll","background-type":"","background-media":"","overlay-type":"","overlay-color":"","overlay-opacity":"","overlay-gradient":""}},"ast-content-background-meta":{"desktop":{"background-color":"var(--ast-global-color-5)","background-image":"","background-repeat":"repeat","background-position":"center center","background-size":"auto","background-attachment":"scroll","background-type":"","background-media":"","overlay-type":"","overlay-color":"","overlay-opacity":"","overlay-gradient":""},"tablet":{"background-color":"var(--ast-global-color-5)","background-image":"","background-repeat":"repeat","background-position":"center center","background-size":"auto","background-attachment":"scroll","background-type":"","background-media":"","overlay-type":"","overlay-color":"","overlay-opacity":"","overlay-gradient":""},"mobile":{"background-color":"var(--ast-global-color-5)","background-image":"","background-repeat":"repeat","background-position":"center center","background-size":"auto","background-attachment":"scroll","background-type":"","background-media":"","overlay-type":"","overlay-color":"","overlay-opacity":"","overlay-gradient":""}},"footnotes":""},"class_list":["post-1022","page","type-page","status-publish","has-post-thumbnail","hentry"],"acf":[],"yoast_head":"<!-- This site is optimized with the Yoast SEO Premium plugin v26.8 (Yoast SEO v26.8) - https:\/\/yoast.com\/product\/yoast-seo-premium-wordpress\/ -->\n<title>Our Supplying Partners | Pearson Packaging Systems<\/title>\n<meta name=\"description\" content=\"High-performing machines are the result of quality components. See the industry-leading suppliers Pearson partners with.\" \/>\n<meta name=\"robots\" content=\"index, follow, max-snippet:-1, max-image-preview:large, max-video-preview:-1\" \/>\n<link rel=\"canonical\" href=\"https:\/\/pearsonpkg.com\/es\/partners\/\" \/>\n<meta property=\"og:locale\" content=\"es_MX\" \/>\n<meta property=\"og:type\" content=\"article\" \/>\n<meta property=\"og:title\" content=\"Partners\" \/>\n<meta property=\"og:description\" content=\"High-performing machines are the result of quality components. See the industry-leading suppliers Pearson partners with.\" \/>\n<meta property=\"og:url\" content=\"https:\/\/pearsonpkg.com\/es\/partners\/\" \/>\n<meta property=\"og:site_name\" content=\"Pearson Packaging Systems\" \/>\n<meta property=\"article:publisher\" content=\"https:\/\/www.facebook.com\/PearsonPkgSys\" \/>\n<meta property=\"article:modified_time\" content=\"2025-12-09T18:28:07+00:00\" \/>\n<meta property=\"og:image\" content=\"https:\/\/pearsonpkg.com\/wp-content\/uploads\/2020\/01\/Partner.jpg\" \/>\n\t<meta property=\"og:image:width\" content=\"2560\" \/>\n\t<meta property=\"og:image:height\" content=\"854\" \/>\n\t<meta property=\"og:image:type\" content=\"image\/jpeg\" \/>\n<meta name=\"twitter:card\" content=\"summary_large_image\" \/>\n<meta name=\"twitter:site\" content=\"@PearsonPkgSys\" \/>\n<meta name=\"twitter:label1\" content=\"Tiempo de lectura\" \/>\n\t<meta name=\"twitter:data1\" content=\"3 minutos\" \/>\n<script type=\"application\/ld+json\" class=\"yoast-schema-graph\">{\"@context\":\"https:\/\/schema.org\",\"@graph\":[{\"@type\":\"WebPage\",\"@id\":\"https:\/\/pearsonpkg.com\/es\/partners\/\",\"url\":\"https:\/\/pearsonpkg.com\/es\/partners\/\",\"name\":\"Our Supplying Partners | Pearson Packaging Systems\",\"isPartOf\":{\"@id\":\"https:\/\/pearsonpkg.com\/es\/#website\"},\"primaryImageOfPage\":{\"@id\":\"https:\/\/pearsonpkg.com\/es\/partners\/#primaryimage\"},\"image\":{\"@id\":\"https:\/\/pearsonpkg.com\/es\/partners\/#primaryimage\"},\"thumbnailUrl\":\"https:\/\/pearsonpkg.com\/wp-content\/uploads\/2020\/01\/Partner.jpg\",\"datePublished\":\"2019-11-12T01:55:16+00:00\",\"dateModified\":\"2025-12-09T18:28:07+00:00\",\"description\":\"High-performing machines are the result of quality components. See the industry-leading suppliers Pearson partners with.\",\"breadcrumb\":{\"@id\":\"https:\/\/pearsonpkg.com\/es\/partners\/#breadcrumb\"},\"inLanguage\":\"es\",\"potentialAction\":[{\"@type\":\"ReadAction\",\"target\":[\"https:\/\/pearsonpkg.com\/es\/partners\/\"]}]},{\"@type\":\"ImageObject\",\"inLanguage\":\"es\",\"@id\":\"https:\/\/pearsonpkg.com\/es\/partners\/#primaryimage\",\"url\":\"https:\/\/pearsonpkg.com\/wp-content\/uploads\/2020\/01\/Partner.jpg\",\"contentUrl\":\"https:\/\/pearsonpkg.com\/wp-content\/uploads\/2020\/01\/Partner.jpg\",\"width\":2560,\"height\":854,\"caption\":\"Partner\"},{\"@type\":\"BreadcrumbList\",\"@id\":\"https:\/\/pearsonpkg.com\/es\/partners\/#breadcrumb\",\"itemListElement\":[{\"@type\":\"ListItem\",\"position\":1,\"name\":\"Home\",\"item\":\"https:\/\/pearsonpkg.com\/\"},{\"@type\":\"ListItem\",\"position\":2,\"name\":\"Partners\"}]},{\"@type\":\"WebSite\",\"@id\":\"https:\/\/pearsonpkg.com\/es\/#website\",\"url\":\"https:\/\/pearsonpkg.com\/es\/\",\"name\":\"Pearson Packaging Systems\",\"description\":\"\",\"publisher\":{\"@id\":\"https:\/\/pearsonpkg.com\/es\/#organization\"},\"potentialAction\":[{\"@type\":\"SearchAction\",\"target\":{\"@type\":\"EntryPoint\",\"urlTemplate\":\"https:\/\/pearsonpkg.com\/es\/?s={search_term_string}\"},\"query-input\":{\"@type\":\"PropertyValueSpecification\",\"valueRequired\":true,\"valueName\":\"search_term_string\"}}],\"inLanguage\":\"es\"},{\"@type\":\"Organization\",\"@id\":\"https:\/\/pearsonpkg.com\/es\/#organization\",\"name\":\"Pearson Packaging Systems\",\"url\":\"https:\/\/pearsonpkg.com\/es\/\",\"logo\":{\"@type\":\"ImageObject\",\"inLanguage\":\"es\",\"@id\":\"https:\/\/pearsonpkg.com\/es\/#\/schema\/logo\/image\/\",\"url\":\"https:\/\/pearsonpkg.com\/wp-content\/uploads\/2019\/11\/logo_PearsonPackaging.png\",\"contentUrl\":\"https:\/\/pearsonpkg.com\/wp-content\/uploads\/2019\/11\/logo_PearsonPackaging.png\",\"width\":544,\"height\":150,\"caption\":\"Pearson Packaging Systems\"},\"image\":{\"@id\":\"https:\/\/pearsonpkg.com\/es\/#\/schema\/logo\/image\/\"},\"sameAs\":[\"https:\/\/www.facebook.com\/PearsonPkgSys\",\"https:\/\/x.com\/PearsonPkgSys\",\"https:\/\/www.linkedin.com\/company\/pearson-packaging-systems\/\",\"https:\/\/www.youtube.com\/user\/PearsonPkg\"]}]}<\/script>\n<!-- \/ Yoast SEO Premium plugin. -->","yoast_head_json":{"title":"Our Supplying Partners | Pearson Packaging Systems","description":"High-performing machines are the result of quality components. See the industry-leading suppliers Pearson partners with.","robots":{"index":"index","follow":"follow","max-snippet":"max-snippet:-1","max-image-preview":"max-image-preview:large","max-video-preview":"max-video-preview:-1"},"canonical":"https:\/\/pearsonpkg.com\/es\/partners\/","og_locale":"es_MX","og_type":"article","og_title":"Partners","og_description":"High-performing machines are the result of quality components. See the industry-leading suppliers Pearson partners with.","og_url":"https:\/\/pearsonpkg.com\/es\/partners\/","og_site_name":"Pearson Packaging Systems","article_publisher":"https:\/\/www.facebook.com\/PearsonPkgSys","article_modified_time":"2025-12-09T18:28:07+00:00","og_image":[{"width":2560,"height":854,"url":"https:\/\/pearsonpkg.com\/wp-content\/uploads\/2020\/01\/Partner.jpg","type":"image\/jpeg"}],"twitter_card":"summary_large_image","twitter_site":"@PearsonPkgSys","twitter_misc":{"Tiempo de lectura":"3 minutos"},"schema":{"@context":"https:\/\/schema.org","@graph":[{"@type":"WebPage","@id":"https:\/\/pearsonpkg.com\/es\/partners\/","url":"https:\/\/pearsonpkg.com\/es\/partners\/","name":"Our Supplying Partners | Pearson Packaging Systems","isPartOf":{"@id":"https:\/\/pearsonpkg.com\/es\/#website"},"primaryImageOfPage":{"@id":"https:\/\/pearsonpkg.com\/es\/partners\/#primaryimage"},"image":{"@id":"https:\/\/pearsonpkg.com\/es\/partners\/#primaryimage"},"thumbnailUrl":"https:\/\/pearsonpkg.com\/wp-content\/uploads\/2020\/01\/Partner.jpg","datePublished":"2019-11-12T01:55:16+00:00","dateModified":"2025-12-09T18:28:07+00:00","description":"High-performing machines are the result of quality components. See the industry-leading suppliers Pearson partners with.","breadcrumb":{"@id":"https:\/\/pearsonpkg.com\/es\/partners\/#breadcrumb"},"inLanguage":"es","potentialAction":[{"@type":"ReadAction","target":["https:\/\/pearsonpkg.com\/es\/partners\/"]}]},{"@type":"ImageObject","inLanguage":"es","@id":"https:\/\/pearsonpkg.com\/es\/partners\/#primaryimage","url":"https:\/\/pearsonpkg.com\/wp-content\/uploads\/2020\/01\/Partner.jpg","contentUrl":"https:\/\/pearsonpkg.com\/wp-content\/uploads\/2020\/01\/Partner.jpg","width":2560,"height":854,"caption":"Partner"},{"@type":"BreadcrumbList","@id":"https:\/\/pearsonpkg.com\/es\/partners\/#breadcrumb","itemListElement":[{"@type":"ListItem","position":1,"name":"Home","item":"https:\/\/pearsonpkg.com\/"},{"@type":"ListItem","position":2,"name":"Partners"}]},{"@type":"WebSite","@id":"https:\/\/pearsonpkg.com\/es\/#website","url":"https:\/\/pearsonpkg.com\/es\/","name":"Sistemas de embalaje de Pearson","description":"","publisher":{"@id":"https:\/\/pearsonpkg.com\/es\/#organization"},"potentialAction":[{"@type":"SearchAction","target":{"@type":"EntryPoint","urlTemplate":"https:\/\/pearsonpkg.com\/es\/?s={search_term_string}"},"query-input":{"@type":"PropertyValueSpecification","valueRequired":true,"valueName":"search_term_string"}}],"inLanguage":"es"},{"@type":"Organization","@id":"https:\/\/pearsonpkg.com\/es\/#organization","name":"Sistemas de embalaje de Pearson","url":"https:\/\/pearsonpkg.com\/es\/","logo":{"@type":"ImageObject","inLanguage":"es","@id":"https:\/\/pearsonpkg.com\/es\/#\/schema\/logo\/image\/","url":"https:\/\/pearsonpkg.com\/wp-content\/uploads\/2019\/11\/logo_PearsonPackaging.png","contentUrl":"https:\/\/pearsonpkg.com\/wp-content\/uploads\/2019\/11\/logo_PearsonPackaging.png","width":544,"height":150,"caption":"Pearson Packaging Systems"},"image":{"@id":"https:\/\/pearsonpkg.com\/es\/#\/schema\/logo\/image\/"},"sameAs":["https:\/\/www.facebook.com\/PearsonPkgSys","https:\/\/x.com\/PearsonPkgSys","https:\/\/www.linkedin.com\/company\/pearson-packaging-systems\/","https:\/\/www.youtube.com\/user\/PearsonPkg"]}]}},"_links":{"self":[{"href":"https:\/\/pearsonpkg.com\/es\/wp-json\/wp\/v2\/pages\/1022","targetHints":{"allow":["GET"]}}],"collection":[{"href":"https:\/\/pearsonpkg.com\/es\/wp-json\/wp\/v2\/pages"}],"about":[{"href":"https:\/\/pearsonpkg.com\/es\/wp-json\/wp\/v2\/types\/page"}],"author":[{"embeddable":true,"href":"https:\/\/pearsonpkg.com\/es\/wp-json\/wp\/v2\/users\/4"}],"replies":[{"embeddable":true,"href":"https:\/\/pearsonpkg.com\/es\/wp-json\/wp\/v2\/comments?post=1022"}],"version-history":[{"count":0,"href":"https:\/\/pearsonpkg.com\/es\/wp-json\/wp\/v2\/pages\/1022\/revisions"}],"up":[{"embeddable":true,"href":"https:\/\/pearsonpkg.com\/es\/wp-json\/wp\/v2\/pages\/1008"}],"wp:featuredmedia":[{"embeddable":true,"href":"https:\/\/pearsonpkg.com\/es\/wp-json\/wp\/v2\/media\/2167"}],"wp:attachment":[{"href":"https:\/\/pearsonpkg.com\/es\/wp-json\/wp\/v2\/media?parent=1022"}],"curies":[{"name":"wp","href":"https:\/\/api.w.org\/{rel}","templated":true}]}}